{"id":14105,"date":"2023-05-31T10:24:32","date_gmt":"2023-05-31T07:24:32","guid":{"rendered":"https:\/\/www.sabasanat.com.tr\/?post_type=product&#038;p=14105"},"modified":"2024-10-27T09:11:09","modified_gmt":"2024-10-27T06:11:09","slug":"cini-vazo-5","status":"publish","type":"product","link":"https:\/\/www.sabasanat.com.tr\/index.php\/urun\/cini-vazo-5\/","title":{"rendered":"\u0130ZN\u0130K \u00c7\u0130N\u0130 B\u0130BLO"},"content":{"rendered":"<p>EL YAPIMI \u00c7\u0130N\u0130 B\u0130BLO<\/p>\n","protected":false},"excerpt":{"rendered":"<p>EL YAPIMI \u00c7\u0130N\u0130 B\u0130BLO<\/p>\n","protected":false},"featured_media":14093,"comment_status":"open","ping_status":"closed","template":"","meta":[],"product_cat":[202,190,20],"product_tag":[],"class_list":["post-14105","product","type-product","status-publish","has-post-thumbnail","hentry","product_cat-can-ve-biblolar","product_cat-cini-urunler","product_cat-urunler"],"_links":{"self":[{"href":"https:\/\/www.sabasanat.com.tr\/index.php\/wp-json\/wp\/v3\/product\/14105","targetHints":{"allow":["GET"]}}],"collection":[{"href":"https:\/\/www.sabasanat.com.tr\/index.php\/wp-json\/wp\/v3\/product"}],"about":[{"href":"https:\/\/www.sabasanat.com.tr\/index.php\/wp-json\/wp\/v2\/types\/product"}],"replies":[{"embeddable":true,"href":"https:\/\/www.sabasanat.com.tr\/index.php\/wp-json\/wp\/v2\/comments?post=14105"}],"version-history":[{"count":3,"href":"https:\/\/www.sabasanat.com.tr\/index.php\/wp-json\/wp\/v3\/product\/14105\/revisions"}],"predecessor-version":[{"id":14983,"href":"https:\/\/www.sabasanat.com.tr\/index.php\/wp-json\/wp\/v3\/product\/14105\/revisions\/14983"}],"wp:featuredmedia":[{"embeddable":true,"href":"https:\/\/www.sabasanat.com.tr\/index.php\/wp-json\/wp\/v2\/media\/14093"}],"wp:attachment":[{"href":"https:\/\/www.sabasanat.com.tr\/index.php\/wp-json\/wp\/v2\/media?parent=14105"}],"wp:term":[{"taxonomy":"product_cat","embeddable":true,"href":"https:\/\/www.sabasanat.com.tr\/index.php\/wp-json\/wp\/v2\/product_cat?post=14105"},{"taxonomy":"product_tag","embeddable":true,"href":"https:\/\/www.sabasanat.com.tr\/index.php\/wp-json\/wp\/v2\/product_tag?post=14105"}],"curies":[{"name":"wp","href":"https:\/\/api.w.org\/{rel}","templated":true}]}}