{"id":14107,"date":"2023-05-31T10:45:43","date_gmt":"2023-05-31T07:45:43","guid":{"rendered":"https:\/\/www.sabasanat.com.tr\/?post_type=product&#038;p=14107"},"modified":"2024-10-06T15:27:48","modified_gmt":"2024-10-06T12:27:48","slug":"cini-vazo-6","status":"publish","type":"product","link":"https:\/\/www.sabasanat.com.tr\/index.php\/urun\/cini-vazo-6\/","title":{"rendered":"\u0130ZN\u0130K \u00c7\u0130N\u0130 \u015e\u0130\u015eE"},"content":{"rendered":"<p>EL YAPIMI \u00d6ZEL TASARRIM DESENL\u0130 \u0130ZN\u0130K \u00c7\u0130N\u0130S\u0130 G\u00d6ZYA\u015eI \u015e\u0130\u015eES\u0130<\/p>\n","protected":false},"excerpt":{"rendered":"<p>EL YAPIMI \u00d6ZEL TASARRIM DESENL\u0130 \u0130ZN\u0130K \u00c7\u0130N\u0130S\u0130 G\u00d6ZYA\u015eI \u015e\u0130\u015eES\u0130<\/p>\n","protected":false},"featured_media":14091,"comment_status":"open","ping_status":"closed","template":"","meta":[],"product_cat":[190,20,194],"product_tag":[],"class_list":["post-14107","product","type-product","status-publish","has-post-thumbnail","hentry","product_cat-cini-urunler","product_cat-urunler","product_cat-vazolar"],"_links":{"self":[{"href":"https:\/\/www.sabasanat.com.tr\/index.php\/wp-json\/wp\/v3\/product\/14107","targetHints":{"allow":["GET"]}}],"collection":[{"href":"https:\/\/www.sabasanat.com.tr\/index.php\/wp-json\/wp\/v3\/product"}],"about":[{"href":"https:\/\/www.sabasanat.com.tr\/index.php\/wp-json\/wp\/v2\/types\/product"}],"replies":[{"embeddable":true,"href":"https:\/\/www.sabasanat.com.tr\/index.php\/wp-json\/wp\/v2\/comments?post=14107"}],"version-history":[{"count":3,"href":"https:\/\/www.sabasanat.com.tr\/index.php\/wp-json\/wp\/v3\/product\/14107\/revisions"}],"predecessor-version":[{"id":14981,"href":"https:\/\/www.sabasanat.com.tr\/index.php\/wp-json\/wp\/v3\/product\/14107\/revisions\/14981"}],"wp:featuredmedia":[{"embeddable":true,"href":"https:\/\/www.sabasanat.com.tr\/index.php\/wp-json\/wp\/v2\/media\/14091"}],"wp:attachment":[{"href":"https:\/\/www.sabasanat.com.tr\/index.php\/wp-json\/wp\/v2\/media?parent=14107"}],"wp:term":[{"taxonomy":"product_cat","embeddable":true,"href":"https:\/\/www.sabasanat.com.tr\/index.php\/wp-json\/wp\/v2\/product_cat?post=14107"},{"taxonomy":"product_tag","embeddable":true,"href":"https:\/\/www.sabasanat.com.tr\/index.php\/wp-json\/wp\/v2\/product_tag?post=14107"}],"curies":[{"name":"wp","href":"https:\/\/api.w.org\/{rel}","templated":true}]}}