{"id":14113,"date":"2023-05-31T11:43:37","date_gmt":"2023-05-31T08:43:37","guid":{"rendered":"https:\/\/www.sabasanat.com.tr\/?post_type=product&#038;p=14113"},"modified":"2024-10-06T15:02:32","modified_gmt":"2024-10-06T12:02:32","slug":"cini-vazo-9","status":"publish","type":"product","link":"https:\/\/www.sabasanat.com.tr\/index.php\/urun\/cini-vazo-9\/","title":{"rendered":"\u015eAH K\u00dcP M\u0130N\u0130"},"content":{"rendered":"<p>EEL YAPIMI TAZ\u00dcSARIM M\u0130N\u0130 K\u00dcP<\/p>\n","protected":false},"excerpt":{"rendered":"<p>EEL YAPIMI TAZ\u00dcSARIM M\u0130N\u0130 K\u00dcP<\/p>\n","protected":false},"featured_media":14089,"comment_status":"open","ping_status":"closed","template":"","meta":[],"product_cat":[190,195,20,194],"product_tag":[],"class_list":["post-14113","product","type-product","status-publish","has-post-thumbnail","hentry","product_cat-cini-urunler","product_cat-kup","product_cat-urunler","product_cat-vazolar"],"_links":{"self":[{"href":"https:\/\/www.sabasanat.com.tr\/index.php\/wp-json\/wp\/v3\/product\/14113","targetHints":{"allow":["GET"]}}],"collection":[{"href":"https:\/\/www.sabasanat.com.tr\/index.php\/wp-json\/wp\/v3\/product"}],"about":[{"href":"https:\/\/www.sabasanat.com.tr\/index.php\/wp-json\/wp\/v2\/types\/product"}],"replies":[{"embeddable":true,"href":"https:\/\/www.sabasanat.com.tr\/index.php\/wp-json\/wp\/v2\/comments?post=14113"}],"version-history":[{"count":3,"href":"https:\/\/www.sabasanat.com.tr\/index.php\/wp-json\/wp\/v3\/product\/14113\/revisions"}],"predecessor-version":[{"id":14963,"href":"https:\/\/www.sabasanat.com.tr\/index.php\/wp-json\/wp\/v3\/product\/14113\/revisions\/14963"}],"wp:featuredmedia":[{"embeddable":true,"href":"https:\/\/www.sabasanat.com.tr\/index.php\/wp-json\/wp\/v2\/media\/14089"}],"wp:attachment":[{"href":"https:\/\/www.sabasanat.com.tr\/index.php\/wp-json\/wp\/v2\/media?parent=14113"}],"wp:term":[{"taxonomy":"product_cat","embeddable":true,"href":"https:\/\/www.sabasanat.com.tr\/index.php\/wp-json\/wp\/v2\/product_cat?post=14113"},{"taxonomy":"product_tag","embeddable":true,"href":"https:\/\/www.sabasanat.com.tr\/index.php\/wp-json\/wp\/v2\/product_tag?post=14113"}],"curies":[{"name":"wp","href":"https:\/\/api.w.org\/{rel}","templated":true}]}}