{"id":14137,"date":"2023-05-31T12:53:30","date_gmt":"2023-05-31T09:53:30","guid":{"rendered":"https:\/\/www.sabasanat.com.tr\/?post_type=product&#038;p=14137"},"modified":"2024-10-06T12:56:40","modified_gmt":"2024-10-06T09:56:40","slug":"cini-vazo-12","status":"publish","type":"product","link":"https:\/\/www.sabasanat.com.tr\/index.php\/urun\/cini-vazo-12\/","title":{"rendered":"\u00c7\u0130N\u0130 KAFTAN B\u0130BLO"},"content":{"rendered":"<p>El yap\u0131m\u0131 \u0130znik \u00e7inisi ve G\u00dcL desenli dekoratif KAFTAN<\/p>\n","protected":false},"excerpt":{"rendered":"<p>El yap\u0131m\u0131 \u0130znik \u00e7inisi ve G\u00dcL desenli dekoratif KAFTAN<\/p>\n","protected":false},"featured_media":14138,"comment_status":"open","ping_status":"closed","template":"","meta":[],"product_cat":[202,190,20],"product_tag":[],"class_list":["post-14137","product","type-product","status-publish","has-post-thumbnail","hentry","product_cat-can-ve-biblolar","product_cat-cini-urunler","product_cat-urunler"],"_links":{"self":[{"href":"https:\/\/www.sabasanat.com.tr\/index.php\/wp-json\/wp\/v3\/product\/14137","targetHints":{"allow":["GET"]}}],"collection":[{"href":"https:\/\/www.sabasanat.com.tr\/index.php\/wp-json\/wp\/v3\/product"}],"about":[{"href":"https:\/\/www.sabasanat.com.tr\/index.php\/wp-json\/wp\/v2\/types\/product"}],"replies":[{"embeddable":true,"href":"https:\/\/www.sabasanat.com.tr\/index.php\/wp-json\/wp\/v2\/comments?post=14137"}],"version-history":[{"count":3,"href":"https:\/\/www.sabasanat.com.tr\/index.php\/wp-json\/wp\/v3\/product\/14137\/revisions"}],"predecessor-version":[{"id":14891,"href":"https:\/\/www.sabasanat.com.tr\/index.php\/wp-json\/wp\/v3\/product\/14137\/revisions\/14891"}],"wp:featuredmedia":[{"embeddable":true,"href":"https:\/\/www.sabasanat.com.tr\/index.php\/wp-json\/wp\/v2\/media\/14138"}],"wp:attachment":[{"href":"https:\/\/www.sabasanat.com.tr\/index.php\/wp-json\/wp\/v2\/media?parent=14137"}],"wp:term":[{"taxonomy":"product_cat","embeddable":true,"href":"https:\/\/www.sabasanat.com.tr\/index.php\/wp-json\/wp\/v2\/product_cat?post=14137"},{"taxonomy":"product_tag","embeddable":true,"href":"https:\/\/www.sabasanat.com.tr\/index.php\/wp-json\/wp\/v2\/product_tag?post=14137"}],"curies":[{"name":"wp","href":"https:\/\/api.w.org\/{rel}","templated":true}]}}