{"id":14159,"date":"2023-05-31T13:28:52","date_gmt":"2023-05-31T10:28:52","guid":{"rendered":"https:\/\/www.sabasanat.com.tr\/?post_type=product&#038;p=14159"},"modified":"2024-10-06T15:00:35","modified_gmt":"2024-10-06T12:00:35","slug":"cini-vazo-16","status":"publish","type":"product","link":"https:\/\/www.sabasanat.com.tr\/index.php\/urun\/cini-vazo-16\/","title":{"rendered":"\u0130ZN\u0130K \u00c7\u0130N\u0130 VAZO"},"content":{"rendered":"<p>ELYAPIMI DEKORAT\u0130F \u0130ZN\u0130K \u00c7\u0130N\u0130S\u0130 VAZO<\/p>\n","protected":false},"excerpt":{"rendered":"<p>ELYAPIMI DEKORAT\u0130F \u0130ZN\u0130K \u00c7\u0130N\u0130S\u0130 VAZO<\/p>\n","protected":false},"featured_media":14161,"comment_status":"open","ping_status":"closed","template":"","meta":[],"product_cat":[190,20,194],"product_tag":[],"class_list":["post-14159","product","type-product","status-publish","has-post-thumbnail","hentry","product_cat-cini-urunler","product_cat-urunler","product_cat-vazolar"],"_links":{"self":[{"href":"https:\/\/www.sabasanat.com.tr\/index.php\/wp-json\/wp\/v3\/product\/14159","targetHints":{"allow":["GET"]}}],"collection":[{"href":"https:\/\/www.sabasanat.com.tr\/index.php\/wp-json\/wp\/v3\/product"}],"about":[{"href":"https:\/\/www.sabasanat.com.tr\/index.php\/wp-json\/wp\/v2\/types\/product"}],"replies":[{"embeddable":true,"href":"https:\/\/www.sabasanat.com.tr\/index.php\/wp-json\/wp\/v2\/comments?post=14159"}],"version-history":[{"count":3,"href":"https:\/\/www.sabasanat.com.tr\/index.php\/wp-json\/wp\/v3\/product\/14159\/revisions"}],"predecessor-version":[{"id":14961,"href":"https:\/\/www.sabasanat.com.tr\/index.php\/wp-json\/wp\/v3\/product\/14159\/revisions\/14961"}],"wp:featuredmedia":[{"embeddable":true,"href":"https:\/\/www.sabasanat.com.tr\/index.php\/wp-json\/wp\/v2\/media\/14161"}],"wp:attachment":[{"href":"https:\/\/www.sabasanat.com.tr\/index.php\/wp-json\/wp\/v2\/media?parent=14159"}],"wp:term":[{"taxonomy":"product_cat","embeddable":true,"href":"https:\/\/www.sabasanat.com.tr\/index.php\/wp-json\/wp\/v2\/product_cat?post=14159"},{"taxonomy":"product_tag","embeddable":true,"href":"https:\/\/www.sabasanat.com.tr\/index.php\/wp-json\/wp\/v2\/product_tag?post=14159"}],"curies":[{"name":"wp","href":"https:\/\/api.w.org\/{rel}","templated":true}]}}