{"id":14167,"date":"2023-05-31T14:11:36","date_gmt":"2023-05-31T11:11:36","guid":{"rendered":"https:\/\/www.sabasanat.com.tr\/?post_type=product&#038;p=14167"},"modified":"2024-10-06T15:05:12","modified_gmt":"2024-10-06T12:05:12","slug":"cini-vazo-18","status":"publish","type":"product","link":"https:\/\/www.sabasanat.com.tr\/index.php\/urun\/cini-vazo-18\/","title":{"rendered":"\u0130ZN\u0130K \u00c7\u0130N\u0130 VAZO"},"content":{"rendered":"<p>ELL YAPIMI \u00d6ZEL TASARIM \u00c7\u0130N\u0130 VAZO<\/p>\n","protected":false},"excerpt":{"rendered":"<p>ELL YAPIMI \u00d6ZEL TASARIM \u00c7\u0130N\u0130 VAZO<\/p>\n","protected":false},"featured_media":14170,"comment_status":"open","ping_status":"closed","template":"","meta":[],"product_cat":[190,20,194],"product_tag":[],"class_list":["post-14167","product","type-product","status-publish","has-post-thumbnail","hentry","product_cat-cini-urunler","product_cat-urunler","product_cat-vazolar"],"_links":{"self":[{"href":"https:\/\/www.sabasanat.com.tr\/index.php\/wp-json\/wp\/v3\/product\/14167","targetHints":{"allow":["GET"]}}],"collection":[{"href":"https:\/\/www.sabasanat.com.tr\/index.php\/wp-json\/wp\/v3\/product"}],"about":[{"href":"https:\/\/www.sabasanat.com.tr\/index.php\/wp-json\/wp\/v2\/types\/product"}],"replies":[{"embeddable":true,"href":"https:\/\/www.sabasanat.com.tr\/index.php\/wp-json\/wp\/v2\/comments?post=14167"}],"version-history":[{"count":3,"href":"https:\/\/www.sabasanat.com.tr\/index.php\/wp-json\/wp\/v3\/product\/14167\/revisions"}],"predecessor-version":[{"id":14965,"href":"https:\/\/www.sabasanat.com.tr\/index.php\/wp-json\/wp\/v3\/product\/14167\/revisions\/14965"}],"wp:featuredmedia":[{"embeddable":true,"href":"https:\/\/www.sabasanat.com.tr\/index.php\/wp-json\/wp\/v2\/media\/14170"}],"wp:attachment":[{"href":"https:\/\/www.sabasanat.com.tr\/index.php\/wp-json\/wp\/v2\/media?parent=14167"}],"wp:term":[{"taxonomy":"product_cat","embeddable":true,"href":"https:\/\/www.sabasanat.com.tr\/index.php\/wp-json\/wp\/v2\/product_cat?post=14167"},{"taxonomy":"product_tag","embeddable":true,"href":"https:\/\/www.sabasanat.com.tr\/index.php\/wp-json\/wp\/v2\/product_tag?post=14167"}],"curies":[{"name":"wp","href":"https:\/\/api.w.org\/{rel}","templated":true}]}}