{"id":14172,"date":"2023-05-31T14:18:35","date_gmt":"2023-05-31T11:18:35","guid":{"rendered":"https:\/\/www.sabasanat.com.tr\/?post_type=product&#038;p=14172"},"modified":"2024-10-06T15:12:41","modified_gmt":"2024-10-06T12:12:41","slug":"cini-vazo-19","status":"publish","type":"product","link":"https:\/\/www.sabasanat.com.tr\/index.php\/urun\/cini-vazo-19\/","title":{"rendered":"\u0130ZN\u0130K \u00c7\u0130N\u0130 VAZO"},"content":{"rendered":"<p>EL YAPIMI \u0130ZN\u0130K \u00c7\u0130N\u0130S\u0130 GECE BAH\u00c7ES\u0130 DESEENL\u0130 DEKORAT\u0130F VAZO<\/p>\n","protected":false},"excerpt":{"rendered":"<p>EL YAPIMI \u0130ZN\u0130K \u00c7\u0130N\u0130S\u0130 GECE BAH\u00c7ES\u0130 DESEENL\u0130 DEKORAT\u0130F VAZO<\/p>\n","protected":false},"featured_media":14174,"comment_status":"open","ping_status":"closed","template":"","meta":[],"product_cat":[190,195,20,194],"product_tag":[],"class_list":["post-14172","product","type-product","status-publish","has-post-thumbnail","hentry","product_cat-cini-urunler","product_cat-kup","product_cat-urunler","product_cat-vazolar"],"_links":{"self":[{"href":"https:\/\/www.sabasanat.com.tr\/index.php\/wp-json\/wp\/v3\/product\/14172","targetHints":{"allow":["GET"]}}],"collection":[{"href":"https:\/\/www.sabasanat.com.tr\/index.php\/wp-json\/wp\/v3\/product"}],"about":[{"href":"https:\/\/www.sabasanat.com.tr\/index.php\/wp-json\/wp\/v2\/types\/product"}],"replies":[{"embeddable":true,"href":"https:\/\/www.sabasanat.com.tr\/index.php\/wp-json\/wp\/v2\/comments?post=14172"}],"version-history":[{"count":3,"href":"https:\/\/www.sabasanat.com.tr\/index.php\/wp-json\/wp\/v3\/product\/14172\/revisions"}],"predecessor-version":[{"id":14971,"href":"https:\/\/www.sabasanat.com.tr\/index.php\/wp-json\/wp\/v3\/product\/14172\/revisions\/14971"}],"wp:featuredmedia":[{"embeddable":true,"href":"https:\/\/www.sabasanat.com.tr\/index.php\/wp-json\/wp\/v2\/media\/14174"}],"wp:attachment":[{"href":"https:\/\/www.sabasanat.com.tr\/index.php\/wp-json\/wp\/v2\/media?parent=14172"}],"wp:term":[{"taxonomy":"product_cat","embeddable":true,"href":"https:\/\/www.sabasanat.com.tr\/index.php\/wp-json\/wp\/v2\/product_cat?post=14172"},{"taxonomy":"product_tag","embeddable":true,"href":"https:\/\/www.sabasanat.com.tr\/index.php\/wp-json\/wp\/v2\/product_tag?post=14172"}],"curies":[{"name":"wp","href":"https:\/\/api.w.org\/{rel}","templated":true}]}}