{"id":14184,"date":"2023-05-31T14:26:57","date_gmt":"2023-05-31T11:26:57","guid":{"rendered":"https:\/\/www.sabasanat.com.tr\/?post_type=product&#038;p=14184"},"modified":"2024-10-06T14:00:14","modified_gmt":"2024-10-06T11:00:14","slug":"cini-vazo-20","status":"publish","type":"product","link":"https:\/\/www.sabasanat.com.tr\/index.php\/urun\/cini-vazo-20\/","title":{"rendered":"K\u00dcPK\u00dcP VAZO"},"content":{"rendered":"<p>EL YAPIMI \u0130ZN\u0130K \u00c7\u0130N\u0130S\u0130 GEOMETR\u0130K DESENL\u0130 DEKORAT\u0130F VAZO<\/p>\n","protected":false},"excerpt":{"rendered":"<p>EL YAPIMI \u0130ZN\u0130K \u00c7\u0130N\u0130S\u0130 GEOMETR\u0130K DESENL\u0130 DEKORAT\u0130F VAZO<\/p>\n","protected":false},"featured_media":14542,"comment_status":"open","ping_status":"closed","template":"","meta":[],"product_cat":[190,195,20,194],"product_tag":[],"class_list":["post-14184","product","type-product","status-publish","has-post-thumbnail","hentry","product_cat-cini-urunler","product_cat-kup","product_cat-urunler","product_cat-vazolar"],"_links":{"self":[{"href":"https:\/\/www.sabasanat.com.tr\/index.php\/wp-json\/wp\/v3\/product\/14184","targetHints":{"allow":["GET"]}}],"collection":[{"href":"https:\/\/www.sabasanat.com.tr\/index.php\/wp-json\/wp\/v3\/product"}],"about":[{"href":"https:\/\/www.sabasanat.com.tr\/index.php\/wp-json\/wp\/v2\/types\/product"}],"replies":[{"embeddable":true,"href":"https:\/\/www.sabasanat.com.tr\/index.php\/wp-json\/wp\/v2\/comments?post=14184"}],"version-history":[{"count":3,"href":"https:\/\/www.sabasanat.com.tr\/index.php\/wp-json\/wp\/v3\/product\/14184\/revisions"}],"predecessor-version":[{"id":14930,"href":"https:\/\/www.sabasanat.com.tr\/index.php\/wp-json\/wp\/v3\/product\/14184\/revisions\/14930"}],"wp:featuredmedia":[{"embeddable":true,"href":"https:\/\/www.sabasanat.com.tr\/index.php\/wp-json\/wp\/v2\/media\/14542"}],"wp:attachment":[{"href":"https:\/\/www.sabasanat.com.tr\/index.php\/wp-json\/wp\/v2\/media?parent=14184"}],"wp:term":[{"taxonomy":"product_cat","embeddable":true,"href":"https:\/\/www.sabasanat.com.tr\/index.php\/wp-json\/wp\/v2\/product_cat?post=14184"},{"taxonomy":"product_tag","embeddable":true,"href":"https:\/\/www.sabasanat.com.tr\/index.php\/wp-json\/wp\/v2\/product_tag?post=14184"}],"curies":[{"name":"wp","href":"https:\/\/api.w.org\/{rel}","templated":true}]}}