{"id":14188,"date":"2023-05-31T14:28:31","date_gmt":"2023-05-31T11:28:31","guid":{"rendered":"https:\/\/www.sabasanat.com.tr\/?post_type=product&#038;p=14188"},"modified":"2024-10-06T15:21:57","modified_gmt":"2024-10-06T12:21:57","slug":"cini-vazo-22","status":"publish","type":"product","link":"https:\/\/www.sabasanat.com.tr\/index.php\/urun\/cini-vazo-22\/","title":{"rendered":"\u0130ZN\u0130K \u00c7\u0130N\u0130 VAZO"},"content":{"rendered":"<p>EEL YAPIMI KIRMIZI TOPRAKTAN \u00c7\u0130N\u0130 \u0130\u015eLEMEL\u0130 S\u00dcRAH\u0130 \u015eEKL\u0130NDE VAZO <\/p>\n","protected":false},"excerpt":{"rendered":"<p>EEL YAPIMI KIRMIZI TOPRAKTAN \u00c7\u0130N\u0130 \u0130\u015eLEMEL\u0130 S\u00dcRAH\u0130 \u015eEKL\u0130NDE VAZO<\/p>\n","protected":false},"featured_media":14180,"comment_status":"open","ping_status":"closed","template":"","meta":[],"product_cat":[190,20,194],"product_tag":[],"class_list":["post-14188","product","type-product","status-publish","has-post-thumbnail","hentry","product_cat-cini-urunler","product_cat-urunler","product_cat-vazolar"],"_links":{"self":[{"href":"https:\/\/www.sabasanat.com.tr\/index.php\/wp-json\/wp\/v3\/product\/14188","targetHints":{"allow":["GET"]}}],"collection":[{"href":"https:\/\/www.sabasanat.com.tr\/index.php\/wp-json\/wp\/v3\/product"}],"about":[{"href":"https:\/\/www.sabasanat.com.tr\/index.php\/wp-json\/wp\/v2\/types\/product"}],"replies":[{"embeddable":true,"href":"https:\/\/www.sabasanat.com.tr\/index.php\/wp-json\/wp\/v2\/comments?post=14188"}],"version-history":[{"count":3,"href":"https:\/\/www.sabasanat.com.tr\/index.php\/wp-json\/wp\/v3\/product\/14188\/revisions"}],"predecessor-version":[{"id":14979,"href":"https:\/\/www.sabasanat.com.tr\/index.php\/wp-json\/wp\/v3\/product\/14188\/revisions\/14979"}],"wp:featuredmedia":[{"embeddable":true,"href":"https:\/\/www.sabasanat.com.tr\/index.php\/wp-json\/wp\/v2\/media\/14180"}],"wp:attachment":[{"href":"https:\/\/www.sabasanat.com.tr\/index.php\/wp-json\/wp\/v2\/media?parent=14188"}],"wp:term":[{"taxonomy":"product_cat","embeddable":true,"href":"https:\/\/www.sabasanat.com.tr\/index.php\/wp-json\/wp\/v2\/product_cat?post=14188"},{"taxonomy":"product_tag","embeddable":true,"href":"https:\/\/www.sabasanat.com.tr\/index.php\/wp-json\/wp\/v2\/product_tag?post=14188"}],"curies":[{"name":"wp","href":"https:\/\/api.w.org\/{rel}","templated":true}]}}