{"id":14203,"date":"2023-05-31T15:32:11","date_gmt":"2023-05-31T12:32:11","guid":{"rendered":"https:\/\/www.sabasanat.com.tr\/?post_type=product&#038;p=14203"},"modified":"2024-10-06T15:19:33","modified_gmt":"2024-10-06T12:19:33","slug":"cini-vazo-23","status":"publish","type":"product","link":"https:\/\/www.sabasanat.com.tr\/index.php\/urun\/cini-vazo-23\/","title":{"rendered":"\u0130ZN\u0130K \u00c7\u0130N\u0130 VAZO"},"content":{"rendered":"<p>\u00d6ZEL TASARIM EL YAPIMI \u0130ZN\u0130K \u00c7\u0130N\u0130 DESENLER\u0130N\u0130N G\u00dcZEL \u0130\u015eLEME \u00d6RNE\u011e\u0130 \u015e\u0130\u015eE VAZO<\/p>\n","protected":false},"excerpt":{"rendered":"<p>\u00d6ZEL TASARIM EL YAPIMI \u0130ZN\u0130K \u00c7\u0130N\u0130 DESENLER\u0130N\u0130N G\u00dcZEL \u0130\u015eLEME \u00d6RNE\u011e\u0130 \u015e\u0130\u015eE VAZO<\/p>\n","protected":false},"featured_media":14191,"comment_status":"open","ping_status":"closed","template":"","meta":[],"product_cat":[190,195,20,194],"product_tag":[],"class_list":["post-14203","product","type-product","status-publish","has-post-thumbnail","hentry","product_cat-cini-urunler","product_cat-kup","product_cat-urunler","product_cat-vazolar"],"_links":{"self":[{"href":"https:\/\/www.sabasanat.com.tr\/index.php\/wp-json\/wp\/v3\/product\/14203","targetHints":{"allow":["GET"]}}],"collection":[{"href":"https:\/\/www.sabasanat.com.tr\/index.php\/wp-json\/wp\/v3\/product"}],"about":[{"href":"https:\/\/www.sabasanat.com.tr\/index.php\/wp-json\/wp\/v2\/types\/product"}],"replies":[{"embeddable":true,"href":"https:\/\/www.sabasanat.com.tr\/index.php\/wp-json\/wp\/v2\/comments?post=14203"}],"version-history":[{"count":3,"href":"https:\/\/www.sabasanat.com.tr\/index.php\/wp-json\/wp\/v3\/product\/14203\/revisions"}],"predecessor-version":[{"id":14977,"href":"https:\/\/www.sabasanat.com.tr\/index.php\/wp-json\/wp\/v3\/product\/14203\/revisions\/14977"}],"wp:featuredmedia":[{"embeddable":true,"href":"https:\/\/www.sabasanat.com.tr\/index.php\/wp-json\/wp\/v2\/media\/14191"}],"wp:attachment":[{"href":"https:\/\/www.sabasanat.com.tr\/index.php\/wp-json\/wp\/v2\/media?parent=14203"}],"wp:term":[{"taxonomy":"product_cat","embeddable":true,"href":"https:\/\/www.sabasanat.com.tr\/index.php\/wp-json\/wp\/v2\/product_cat?post=14203"},{"taxonomy":"product_tag","embeddable":true,"href":"https:\/\/www.sabasanat.com.tr\/index.php\/wp-json\/wp\/v2\/product_tag?post=14203"}],"curies":[{"name":"wp","href":"https:\/\/api.w.org\/{rel}","templated":true}]}}