{"id":14209,"date":"2023-05-31T15:33:03","date_gmt":"2023-05-31T12:33:03","guid":{"rendered":"https:\/\/www.sabasanat.com.tr\/?post_type=product&#038;p=14209"},"modified":"2024-10-01T23:11:45","modified_gmt":"2024-10-01T20:11:45","slug":"cini-vazo-24","status":"publish","type":"product","link":"https:\/\/www.sabasanat.com.tr\/index.php\/urun\/cini-vazo-24\/","title":{"rendered":"L\u0130NE ABAJUR"},"content":{"rendered":"<p>ALTIN \u0130\u015eLEMEL\u0130 EL YAPIMI \u0130ZN\u0130K \u00c7\u0130N\u0130S\u0130 VE \u015eIK TASARRIIYLA ABAJUR<\/p>\n","protected":false},"excerpt":{"rendered":"<p>ALTIN \u0130\u015eLEMEL\u0130 EL YAPIMI \u0130ZN\u0130K \u00c7\u0130N\u0130S\u0130 VE \u015eIK TASARRIIYLA ABAJUR<\/p>\n","protected":false},"featured_media":14541,"comment_status":"open","ping_status":"closed","template":"","meta":[],"product_cat":[196,190,20],"product_tag":[],"class_list":["post-14209","product","type-product","status-publish","has-post-thumbnail","hentry","product_cat-abajurlar","product_cat-cini-urunler","product_cat-urunler"],"_links":{"self":[{"href":"https:\/\/www.sabasanat.com.tr\/index.php\/wp-json\/wp\/v3\/product\/14209","targetHints":{"allow":["GET"]}}],"collection":[{"href":"https:\/\/www.sabasanat.com.tr\/index.php\/wp-json\/wp\/v3\/product"}],"about":[{"href":"https:\/\/www.sabasanat.com.tr\/index.php\/wp-json\/wp\/v2\/types\/product"}],"replies":[{"embeddable":true,"href":"https:\/\/www.sabasanat.com.tr\/index.php\/wp-json\/wp\/v2\/comments?post=14209"}],"version-history":[{"count":3,"href":"https:\/\/www.sabasanat.com.tr\/index.php\/wp-json\/wp\/v3\/product\/14209\/revisions"}],"predecessor-version":[{"id":14698,"href":"https:\/\/www.sabasanat.com.tr\/index.php\/wp-json\/wp\/v3\/product\/14209\/revisions\/14698"}],"wp:featuredmedia":[{"embeddable":true,"href":"https:\/\/www.sabasanat.com.tr\/index.php\/wp-json\/wp\/v2\/media\/14541"}],"wp:attachment":[{"href":"https:\/\/www.sabasanat.com.tr\/index.php\/wp-json\/wp\/v2\/media?parent=14209"}],"wp:term":[{"taxonomy":"product_cat","embeddable":true,"href":"https:\/\/www.sabasanat.com.tr\/index.php\/wp-json\/wp\/v2\/product_cat?post=14209"},{"taxonomy":"product_tag","embeddable":true,"href":"https:\/\/www.sabasanat.com.tr\/index.php\/wp-json\/wp\/v2\/product_tag?post=14209"}],"curies":[{"name":"wp","href":"https:\/\/api.w.org\/{rel}","templated":true}]}}