{"id":14246,"date":"2023-05-31T15:54:35","date_gmt":"2023-05-31T12:54:35","guid":{"rendered":"https:\/\/www.sabasanat.com.tr\/?post_type=product&#038;p=14246"},"modified":"2024-10-06T13:19:46","modified_gmt":"2024-10-06T10:19:46","slug":"cini-vazo-37","status":"publish","type":"product","link":"https:\/\/www.sabasanat.com.tr\/index.php\/urun\/cini-vazo-37\/","title":{"rendered":"\u0130ZN\u0130K \u00c7\u0130N\u0130 TABAK"},"content":{"rendered":"<p>El yap\u0131m\u0131 \u0130znik \u00e7inisi ve LALE BAH\u00c7ES\u0130 desenli dekoratif tabak<\/p>\n","protected":false},"excerpt":{"rendered":"<p>El yap\u0131m\u0131 \u0130znik \u00e7inisi ve LALE BAH\u00c7ES\u0130 desenli dekoratif tabak<\/p>\n","protected":false},"featured_media":14234,"comment_status":"open","ping_status":"closed","template":"","meta":[],"product_cat":[190,191,20],"product_tag":[],"class_list":["post-14246","product","type-product","status-publish","has-post-thumbnail","hentry","product_cat-cini-urunler","product_cat-tabaklar","product_cat-urunler"],"_links":{"self":[{"href":"https:\/\/www.sabasanat.com.tr\/index.php\/wp-json\/wp\/v3\/product\/14246","targetHints":{"allow":["GET"]}}],"collection":[{"href":"https:\/\/www.sabasanat.com.tr\/index.php\/wp-json\/wp\/v3\/product"}],"about":[{"href":"https:\/\/www.sabasanat.com.tr\/index.php\/wp-json\/wp\/v2\/types\/product"}],"replies":[{"embeddable":true,"href":"https:\/\/www.sabasanat.com.tr\/index.php\/wp-json\/wp\/v2\/comments?post=14246"}],"version-history":[{"count":3,"href":"https:\/\/www.sabasanat.com.tr\/index.php\/wp-json\/wp\/v3\/product\/14246\/revisions"}],"predecessor-version":[{"id":14909,"href":"https:\/\/www.sabasanat.com.tr\/index.php\/wp-json\/wp\/v3\/product\/14246\/revisions\/14909"}],"wp:featuredmedia":[{"embeddable":true,"href":"https:\/\/www.sabasanat.com.tr\/index.php\/wp-json\/wp\/v2\/media\/14234"}],"wp:attachment":[{"href":"https:\/\/www.sabasanat.com.tr\/index.php\/wp-json\/wp\/v2\/media?parent=14246"}],"wp:term":[{"taxonomy":"product_cat","embeddable":true,"href":"https:\/\/www.sabasanat.com.tr\/index.php\/wp-json\/wp\/v2\/product_cat?post=14246"},{"taxonomy":"product_tag","embeddable":true,"href":"https:\/\/www.sabasanat.com.tr\/index.php\/wp-json\/wp\/v2\/product_tag?post=14246"}],"curies":[{"name":"wp","href":"https:\/\/api.w.org\/{rel}","templated":true}]}}