{"id":14270,"date":"2023-08-07T14:19:31","date_gmt":"2023-08-07T11:19:31","guid":{"rendered":"https:\/\/www.sabasanat.com.tr\/?post_type=product&#038;p=14270"},"modified":"2024-10-06T13:16:18","modified_gmt":"2024-10-06T10:16:18","slug":"cini-tabak","status":"publish","type":"product","link":"https:\/\/www.sabasanat.com.tr\/index.php\/urun\/cini-tabak\/","title":{"rendered":"\u0130ZN\u0130K \u00c7\u0130N\u0130 TABAK"},"content":{"rendered":"<p>El yap\u0131m\u0131 \u0130znik \u00e7inisi ve klasik desenli dekoratif tabak<\/p>\n","protected":false},"excerpt":{"rendered":"<p>El yap\u0131m\u0131 \u0130znik \u00e7inisi ve klasik desenli dekoratif tabak<\/p>\n","protected":false},"featured_media":14237,"comment_status":"open","ping_status":"closed","template":"","meta":[],"product_cat":[190,191,20],"product_tag":[],"class_list":["post-14270","product","type-product","status-publish","has-post-thumbnail","hentry","product_cat-cini-urunler","product_cat-tabaklar","product_cat-urunler"],"_links":{"self":[{"href":"https:\/\/www.sabasanat.com.tr\/index.php\/wp-json\/wp\/v3\/product\/14270","targetHints":{"allow":["GET"]}}],"collection":[{"href":"https:\/\/www.sabasanat.com.tr\/index.php\/wp-json\/wp\/v3\/product"}],"about":[{"href":"https:\/\/www.sabasanat.com.tr\/index.php\/wp-json\/wp\/v2\/types\/product"}],"replies":[{"embeddable":true,"href":"https:\/\/www.sabasanat.com.tr\/index.php\/wp-json\/wp\/v2\/comments?post=14270"}],"version-history":[{"count":2,"href":"https:\/\/www.sabasanat.com.tr\/index.php\/wp-json\/wp\/v3\/product\/14270\/revisions"}],"predecessor-version":[{"id":14907,"href":"https:\/\/www.sabasanat.com.tr\/index.php\/wp-json\/wp\/v3\/product\/14270\/revisions\/14907"}],"wp:featuredmedia":[{"embeddable":true,"href":"https:\/\/www.sabasanat.com.tr\/index.php\/wp-json\/wp\/v2\/media\/14237"}],"wp:attachment":[{"href":"https:\/\/www.sabasanat.com.tr\/index.php\/wp-json\/wp\/v2\/media?parent=14270"}],"wp:term":[{"taxonomy":"product_cat","embeddable":true,"href":"https:\/\/www.sabasanat.com.tr\/index.php\/wp-json\/wp\/v2\/product_cat?post=14270"},{"taxonomy":"product_tag","embeddable":true,"href":"https:\/\/www.sabasanat.com.tr\/index.php\/wp-json\/wp\/v2\/product_tag?post=14270"}],"curies":[{"name":"wp","href":"https:\/\/api.w.org\/{rel}","templated":true}]}}