{"id":14285,"date":"2023-08-07T14:45:42","date_gmt":"2023-08-07T11:45:42","guid":{"rendered":"https:\/\/www.sabasanat.com.tr\/?post_type=product&#038;p=14285"},"modified":"2024-10-05T21:36:34","modified_gmt":"2024-10-05T18:36:34","slug":"abajur-3","status":"publish","type":"product","link":"https:\/\/www.sabasanat.com.tr\/index.php\/urun\/abajur-3\/","title":{"rendered":"ABAJUR"},"content":{"rendered":"<p>MAV\u0130 LALE \u0130ZN\u0130K \u00c7\u0130N\u0130S\u0130 EL YAPIMI \u00d6ZEEL TASARRIM ABAJUR<\/p>\n","protected":false},"excerpt":{"rendered":"<p>MAV\u0130 LALE \u0130ZN\u0130K \u00c7\u0130N\u0130S\u0130 EL YAPIMI \u00d6ZEEL TASARRIM ABAJUR<\/p>\n","protected":false},"featured_media":14537,"comment_status":"open","ping_status":"closed","template":"","meta":[],"product_cat":[196,190,20],"product_tag":[],"class_list":["post-14285","product","type-product","status-publish","has-post-thumbnail","hentry","product_cat-abajurlar","product_cat-cini-urunler","product_cat-urunler"],"_links":{"self":[{"href":"https:\/\/www.sabasanat.com.tr\/index.php\/wp-json\/wp\/v3\/product\/14285","targetHints":{"allow":["GET"]}}],"collection":[{"href":"https:\/\/www.sabasanat.com.tr\/index.php\/wp-json\/wp\/v3\/product"}],"about":[{"href":"https:\/\/www.sabasanat.com.tr\/index.php\/wp-json\/wp\/v2\/types\/product"}],"replies":[{"embeddable":true,"href":"https:\/\/www.sabasanat.com.tr\/index.php\/wp-json\/wp\/v2\/comments?post=14285"}],"version-history":[{"count":3,"href":"https:\/\/www.sabasanat.com.tr\/index.php\/wp-json\/wp\/v3\/product\/14285\/revisions"}],"predecessor-version":[{"id":14877,"href":"https:\/\/www.sabasanat.com.tr\/index.php\/wp-json\/wp\/v3\/product\/14285\/revisions\/14877"}],"wp:featuredmedia":[{"embeddable":true,"href":"https:\/\/www.sabasanat.com.tr\/index.php\/wp-json\/wp\/v2\/media\/14537"}],"wp:attachment":[{"href":"https:\/\/www.sabasanat.com.tr\/index.php\/wp-json\/wp\/v2\/media?parent=14285"}],"wp:term":[{"taxonomy":"product_cat","embeddable":true,"href":"https:\/\/www.sabasanat.com.tr\/index.php\/wp-json\/wp\/v2\/product_cat?post=14285"},{"taxonomy":"product_tag","embeddable":true,"href":"https:\/\/www.sabasanat.com.tr\/index.php\/wp-json\/wp\/v2\/product_tag?post=14285"}],"curies":[{"name":"wp","href":"https:\/\/api.w.org\/{rel}","templated":true}]}}