{"id":14287,"date":"2023-08-07T14:48:51","date_gmt":"2023-08-07T11:48:51","guid":{"rendered":"https:\/\/www.sabasanat.com.tr\/?post_type=product&#038;p=14287"},"modified":"2024-10-05T21:38:41","modified_gmt":"2024-10-05T18:38:41","slug":"abajur-4","status":"publish","type":"product","link":"https:\/\/www.sabasanat.com.tr\/index.php\/urun\/abajur-4\/","title":{"rendered":"ABAJUR"},"content":{"rendered":"<p>\u0130ZN\u0130K \u00c7\u0130N\u0130S\u0130 \u00d6ZEL TASARIM EL YAPIMI LALE KARANF\u0130L DESEN ABAJURR<\/p>\n","protected":false},"excerpt":{"rendered":"<p>\u0130ZN\u0130K \u00c7\u0130N\u0130S\u0130 \u00d6ZEL TASARIM EL YAPIMI LALE KARANF\u0130L DESEN ABAJURR<\/p>\n","protected":false},"featured_media":14536,"comment_status":"open","ping_status":"closed","template":"","meta":[],"product_cat":[196,190,20],"product_tag":[],"class_list":["post-14287","product","type-product","status-publish","has-post-thumbnail","hentry","product_cat-abajurlar","product_cat-cini-urunler","product_cat-urunler"],"_links":{"self":[{"href":"https:\/\/www.sabasanat.com.tr\/index.php\/wp-json\/wp\/v3\/product\/14287","targetHints":{"allow":["GET"]}}],"collection":[{"href":"https:\/\/www.sabasanat.com.tr\/index.php\/wp-json\/wp\/v3\/product"}],"about":[{"href":"https:\/\/www.sabasanat.com.tr\/index.php\/wp-json\/wp\/v2\/types\/product"}],"replies":[{"embeddable":true,"href":"https:\/\/www.sabasanat.com.tr\/index.php\/wp-json\/wp\/v2\/comments?post=14287"}],"version-history":[{"count":3,"href":"https:\/\/www.sabasanat.com.tr\/index.php\/wp-json\/wp\/v3\/product\/14287\/revisions"}],"predecessor-version":[{"id":14879,"href":"https:\/\/www.sabasanat.com.tr\/index.php\/wp-json\/wp\/v3\/product\/14287\/revisions\/14879"}],"wp:featuredmedia":[{"embeddable":true,"href":"https:\/\/www.sabasanat.com.tr\/index.php\/wp-json\/wp\/v2\/media\/14536"}],"wp:attachment":[{"href":"https:\/\/www.sabasanat.com.tr\/index.php\/wp-json\/wp\/v2\/media?parent=14287"}],"wp:term":[{"taxonomy":"product_cat","embeddable":true,"href":"https:\/\/www.sabasanat.com.tr\/index.php\/wp-json\/wp\/v2\/product_cat?post=14287"},{"taxonomy":"product_tag","embeddable":true,"href":"https:\/\/www.sabasanat.com.tr\/index.php\/wp-json\/wp\/v2\/product_tag?post=14287"}],"curies":[{"name":"wp","href":"https:\/\/api.w.org\/{rel}","templated":true}]}}