{"id":14294,"date":"2023-08-07T17:03:45","date_gmt":"2023-08-07T14:03:45","guid":{"rendered":"https:\/\/www.sabasanat.com.tr\/?post_type=product&#038;p=14294"},"modified":"2024-10-05T21:34:47","modified_gmt":"2024-10-05T18:34:47","slug":"abajur-5","status":"publish","type":"product","link":"https:\/\/www.sabasanat.com.tr\/index.php\/urun\/abajur-5\/","title":{"rendered":"ABAJUR"},"content":{"rendered":"<p>\u00d6ZEL TASARIM EL YAPIMI \u0130ZN\u0130K \u00c7\u0130N\u0130S\u0130 ABAJUR<\/p>\n","protected":false},"excerpt":{"rendered":"<p>\u00d6ZEL TASARIM EL YAPIMI \u0130ZN\u0130K \u00c7\u0130N\u0130S\u0130 ABAJUR<\/p>\n","protected":false},"featured_media":14534,"comment_status":"open","ping_status":"closed","template":"","meta":[],"product_cat":[196,190,20],"product_tag":[],"class_list":["post-14294","product","type-product","status-publish","has-post-thumbnail","hentry","product_cat-abajurlar","product_cat-cini-urunler","product_cat-urunler"],"_links":{"self":[{"href":"https:\/\/www.sabasanat.com.tr\/index.php\/wp-json\/wp\/v3\/product\/14294","targetHints":{"allow":["GET"]}}],"collection":[{"href":"https:\/\/www.sabasanat.com.tr\/index.php\/wp-json\/wp\/v3\/product"}],"about":[{"href":"https:\/\/www.sabasanat.com.tr\/index.php\/wp-json\/wp\/v2\/types\/product"}],"replies":[{"embeddable":true,"href":"https:\/\/www.sabasanat.com.tr\/index.php\/wp-json\/wp\/v2\/comments?post=14294"}],"version-history":[{"count":3,"href":"https:\/\/www.sabasanat.com.tr\/index.php\/wp-json\/wp\/v3\/product\/14294\/revisions"}],"predecessor-version":[{"id":14875,"href":"https:\/\/www.sabasanat.com.tr\/index.php\/wp-json\/wp\/v3\/product\/14294\/revisions\/14875"}],"wp:featuredmedia":[{"embeddable":true,"href":"https:\/\/www.sabasanat.com.tr\/index.php\/wp-json\/wp\/v2\/media\/14534"}],"wp:attachment":[{"href":"https:\/\/www.sabasanat.com.tr\/index.php\/wp-json\/wp\/v2\/media?parent=14294"}],"wp:term":[{"taxonomy":"product_cat","embeddable":true,"href":"https:\/\/www.sabasanat.com.tr\/index.php\/wp-json\/wp\/v2\/product_cat?post=14294"},{"taxonomy":"product_tag","embeddable":true,"href":"https:\/\/www.sabasanat.com.tr\/index.php\/wp-json\/wp\/v2\/product_tag?post=14294"}],"curies":[{"name":"wp","href":"https:\/\/api.w.org\/{rel}","templated":true}]}}