{"id":14298,"date":"2023-08-07T17:35:36","date_gmt":"2023-08-07T14:35:36","guid":{"rendered":"https:\/\/www.sabasanat.com.tr\/?post_type=product&#038;p=14298"},"modified":"2024-10-06T15:07:26","modified_gmt":"2024-10-06T12:07:26","slug":"vazo","status":"publish","type":"product","link":"https:\/\/www.sabasanat.com.tr\/index.php\/urun\/vazo\/","title":{"rendered":"GOLD L\u0130NE VAZO"},"content":{"rendered":"<p>EL YAPIMI \u0130ZN\u0130K \u00c7\u0130N\u0130S\u0130 ALTIN \u0130\u015eLEMEL\u0130 \u00c7OK \u00d6ZEL FI\u00c7I VAZO<\/p>\n","protected":false},"excerpt":{"rendered":"<p>EL YAPIMI \u0130ZN\u0130K \u00c7\u0130N\u0130S\u0130 ALTIN \u0130\u015eLEMEL\u0130 \u00c7OK \u00d6ZEL FI\u00c7I VAZO<\/p>\n","protected":false},"featured_media":14533,"comment_status":"open","ping_status":"closed","template":"","meta":[],"product_cat":[190,195,194],"product_tag":[],"class_list":["post-14298","product","type-product","status-publish","has-post-thumbnail","hentry","product_cat-cini-urunler","product_cat-kup","product_cat-vazolar"],"_links":{"self":[{"href":"https:\/\/www.sabasanat.com.tr\/index.php\/wp-json\/wp\/v3\/product\/14298","targetHints":{"allow":["GET"]}}],"collection":[{"href":"https:\/\/www.sabasanat.com.tr\/index.php\/wp-json\/wp\/v3\/product"}],"about":[{"href":"https:\/\/www.sabasanat.com.tr\/index.php\/wp-json\/wp\/v2\/types\/product"}],"replies":[{"embeddable":true,"href":"https:\/\/www.sabasanat.com.tr\/index.php\/wp-json\/wp\/v2\/comments?post=14298"}],"version-history":[{"count":3,"href":"https:\/\/www.sabasanat.com.tr\/index.php\/wp-json\/wp\/v3\/product\/14298\/revisions"}],"predecessor-version":[{"id":14967,"href":"https:\/\/www.sabasanat.com.tr\/index.php\/wp-json\/wp\/v3\/product\/14298\/revisions\/14967"}],"wp:featuredmedia":[{"embeddable":true,"href":"https:\/\/www.sabasanat.com.tr\/index.php\/wp-json\/wp\/v2\/media\/14533"}],"wp:attachment":[{"href":"https:\/\/www.sabasanat.com.tr\/index.php\/wp-json\/wp\/v2\/media?parent=14298"}],"wp:term":[{"taxonomy":"product_cat","embeddable":true,"href":"https:\/\/www.sabasanat.com.tr\/index.php\/wp-json\/wp\/v2\/product_cat?post=14298"},{"taxonomy":"product_tag","embeddable":true,"href":"https:\/\/www.sabasanat.com.tr\/index.php\/wp-json\/wp\/v2\/product_tag?post=14298"}],"curies":[{"name":"wp","href":"https:\/\/api.w.org\/{rel}","templated":true}]}}