{"id":14301,"date":"2023-08-07T18:06:00","date_gmt":"2023-08-07T15:06:00","guid":{"rendered":"https:\/\/www.sabasanat.com.tr\/?post_type=product&#038;p=14301"},"modified":"2024-10-06T14:23:38","modified_gmt":"2024-10-06T11:23:38","slug":"vazo-2","status":"publish","type":"product","link":"https:\/\/www.sabasanat.com.tr\/index.php\/urun\/vazo-2\/","title":{"rendered":"GOLD L\u0130NE \u015e\u0130\u015eE"},"content":{"rendered":"<p>\u00d6zel Tasar\u0131m el yap\u0131m\u0131 \u00e7izgi desenli, DEKORAT\u0130F alt\u0131n i\u015flemeli \u015fi\u015fe<\/p>\n","protected":false},"excerpt":{"rendered":"<p>\u00d6zel Tasar\u0131m el yap\u0131m\u0131 \u00e7izgi desenli, DEKORAT\u0130F alt\u0131n i\u015flemeli \u015fi\u015fe<\/p>\n","protected":false},"featured_media":14532,"comment_status":"open","ping_status":"closed","template":"","meta":[],"product_cat":[190,195,20,194],"product_tag":[],"class_list":["post-14301","product","type-product","status-publish","has-post-thumbnail","hentry","product_cat-cini-urunler","product_cat-kup","product_cat-urunler","product_cat-vazolar"],"_links":{"self":[{"href":"https:\/\/www.sabasanat.com.tr\/index.php\/wp-json\/wp\/v3\/product\/14301","targetHints":{"allow":["GET"]}}],"collection":[{"href":"https:\/\/www.sabasanat.com.tr\/index.php\/wp-json\/wp\/v3\/product"}],"about":[{"href":"https:\/\/www.sabasanat.com.tr\/index.php\/wp-json\/wp\/v2\/types\/product"}],"replies":[{"embeddable":true,"href":"https:\/\/www.sabasanat.com.tr\/index.php\/wp-json\/wp\/v2\/comments?post=14301"}],"version-history":[{"count":3,"href":"https:\/\/www.sabasanat.com.tr\/index.php\/wp-json\/wp\/v3\/product\/14301\/revisions"}],"predecessor-version":[{"id":14943,"href":"https:\/\/www.sabasanat.com.tr\/index.php\/wp-json\/wp\/v3\/product\/14301\/revisions\/14943"}],"wp:featuredmedia":[{"embeddable":true,"href":"https:\/\/www.sabasanat.com.tr\/index.php\/wp-json\/wp\/v2\/media\/14532"}],"wp:attachment":[{"href":"https:\/\/www.sabasanat.com.tr\/index.php\/wp-json\/wp\/v2\/media?parent=14301"}],"wp:term":[{"taxonomy":"product_cat","embeddable":true,"href":"https:\/\/www.sabasanat.com.tr\/index.php\/wp-json\/wp\/v2\/product_cat?post=14301"},{"taxonomy":"product_tag","embeddable":true,"href":"https:\/\/www.sabasanat.com.tr\/index.php\/wp-json\/wp\/v2\/product_tag?post=14301"}],"curies":[{"name":"wp","href":"https:\/\/api.w.org\/{rel}","templated":true}]}}