{"id":14352,"date":"2023-08-09T17:25:55","date_gmt":"2023-08-09T14:25:55","guid":{"rendered":"https:\/\/www.sabasanat.com.tr\/?post_type=product&#038;p=14352"},"modified":"2024-10-06T14:34:55","modified_gmt":"2024-10-06T11:34:55","slug":"vazo-13","status":"publish","type":"product","link":"https:\/\/www.sabasanat.com.tr\/index.php\/urun\/vazo-13\/","title":{"rendered":"\u015eAH K\u00dcP KLAS\u0130K"},"content":{"rendered":"<p>Alt\u0131n yald\u0131zl\u0131 \u00e7ini<br \/>\n\u0130znik \u00e7inisi, \u00f6zel s\u0131rl\u0131, HAL\u0130\u00c7 DESEENL\u0130 el boyamas\u0131<\/p>\n","protected":false},"excerpt":{"rendered":"<p>Alt\u0131n yald\u0131zl\u0131 \u00e7ini \u0130znik \u00e7inisi, \u00f6zel s\u0131rl\u0131, HAL\u0130\u00c7 DESEENL\u0130 el boyamas\u0131<\/p>\n","protected":false},"featured_media":14516,"comment_status":"open","ping_status":"closed","template":"","meta":[],"product_cat":[190,195,20,194],"product_tag":[],"class_list":["post-14352","product","type-product","status-publish","has-post-thumbnail","hentry","product_cat-cini-urunler","product_cat-kup","product_cat-urunler","product_cat-vazolar"],"_links":{"self":[{"href":"https:\/\/www.sabasanat.com.tr\/index.php\/wp-json\/wp\/v3\/product\/14352","targetHints":{"allow":["GET"]}}],"collection":[{"href":"https:\/\/www.sabasanat.com.tr\/index.php\/wp-json\/wp\/v3\/product"}],"about":[{"href":"https:\/\/www.sabasanat.com.tr\/index.php\/wp-json\/wp\/v2\/types\/product"}],"replies":[{"embeddable":true,"href":"https:\/\/www.sabasanat.com.tr\/index.php\/wp-json\/wp\/v2\/comments?post=14352"}],"version-history":[{"count":3,"href":"https:\/\/www.sabasanat.com.tr\/index.php\/wp-json\/wp\/v3\/product\/14352\/revisions"}],"predecessor-version":[{"id":14950,"href":"https:\/\/www.sabasanat.com.tr\/index.php\/wp-json\/wp\/v3\/product\/14352\/revisions\/14950"}],"wp:featuredmedia":[{"embeddable":true,"href":"https:\/\/www.sabasanat.com.tr\/index.php\/wp-json\/wp\/v2\/media\/14516"}],"wp:attachment":[{"href":"https:\/\/www.sabasanat.com.tr\/index.php\/wp-json\/wp\/v2\/media?parent=14352"}],"wp:term":[{"taxonomy":"product_cat","embeddable":true,"href":"https:\/\/www.sabasanat.com.tr\/index.php\/wp-json\/wp\/v2\/product_cat?post=14352"},{"taxonomy":"product_tag","embeddable":true,"href":"https:\/\/www.sabasanat.com.tr\/index.php\/wp-json\/wp\/v2\/product_tag?post=14352"}],"curies":[{"name":"wp","href":"https:\/\/api.w.org\/{rel}","templated":true}]}}