{"id":14360,"date":"2023-08-09T18:15:46","date_gmt":"2023-08-09T15:15:46","guid":{"rendered":"https:\/\/www.sabasanat.com.tr\/?post_type=product&#038;p=14360"},"modified":"2024-10-06T14:04:58","modified_gmt":"2024-10-06T11:04:58","slug":"vazo-16","status":"publish","type":"product","link":"https:\/\/www.sabasanat.com.tr\/index.php\/urun\/vazo-16\/","title":{"rendered":"K\u00dcPK\u00dcP GOLD VAZO"},"content":{"rendered":"<p>Beyaz alt\u0131n detayl\u0131; \u0130znik \u00e7inisi<br \/>\n\u00d6zel tasar\u0131m, k\u00fcp dekorlu el yap\u0131m\u0131 vazo<\/p>\n","protected":false},"excerpt":{"rendered":"<p>Beyaz alt\u0131n detayl\u0131; \u0130znik \u00e7inisi \u00d6zel tasar\u0131m, k\u00fcp dekorlu el yap\u0131m\u0131 vazo<\/p>\n","protected":false},"featured_media":14512,"comment_status":"open","ping_status":"closed","template":"","meta":[],"product_cat":[190,195,20,194],"product_tag":[],"class_list":["post-14360","product","type-product","status-publish","has-post-thumbnail","hentry","product_cat-cini-urunler","product_cat-kup","product_cat-urunler","product_cat-vazolar"],"_links":{"self":[{"href":"https:\/\/www.sabasanat.com.tr\/index.php\/wp-json\/wp\/v3\/product\/14360","targetHints":{"allow":["GET"]}}],"collection":[{"href":"https:\/\/www.sabasanat.com.tr\/index.php\/wp-json\/wp\/v3\/product"}],"about":[{"href":"https:\/\/www.sabasanat.com.tr\/index.php\/wp-json\/wp\/v2\/types\/product"}],"replies":[{"embeddable":true,"href":"https:\/\/www.sabasanat.com.tr\/index.php\/wp-json\/wp\/v2\/comments?post=14360"}],"version-history":[{"count":4,"href":"https:\/\/www.sabasanat.com.tr\/index.php\/wp-json\/wp\/v3\/product\/14360\/revisions"}],"predecessor-version":[{"id":14933,"href":"https:\/\/www.sabasanat.com.tr\/index.php\/wp-json\/wp\/v3\/product\/14360\/revisions\/14933"}],"wp:featuredmedia":[{"embeddable":true,"href":"https:\/\/www.sabasanat.com.tr\/index.php\/wp-json\/wp\/v2\/media\/14512"}],"wp:attachment":[{"href":"https:\/\/www.sabasanat.com.tr\/index.php\/wp-json\/wp\/v2\/media?parent=14360"}],"wp:term":[{"taxonomy":"product_cat","embeddable":true,"href":"https:\/\/www.sabasanat.com.tr\/index.php\/wp-json\/wp\/v2\/product_cat?post=14360"},{"taxonomy":"product_tag","embeddable":true,"href":"https:\/\/www.sabasanat.com.tr\/index.php\/wp-json\/wp\/v2\/product_tag?post=14360"}],"curies":[{"name":"wp","href":"https:\/\/api.w.org\/{rel}","templated":true}]}}