{"id":14364,"date":"2023-08-09T18:19:19","date_gmt":"2023-08-09T15:19:19","guid":{"rendered":"https:\/\/www.sabasanat.com.tr\/?post_type=product&#038;p=14364"},"modified":"2024-09-24T21:53:36","modified_gmt":"2024-09-24T18:53:36","slug":"vazo-17","status":"publish","type":"product","link":"https:\/\/www.sabasanat.com.tr\/index.php\/urun\/vazo-17\/","title":{"rendered":"K\u00dcPK\u00dcP GOLD \u015e\u0130\u015eE"},"content":{"rendered":"<p>EL YAPIMI \u00d6ZEL TASARLANMI\u015e \u00dc\u00c7 BOYUTLU K\u00dcP DESENL\u0130 \u0130ZN\u0130K \u00c7\u0130N\u0130S\u0130 DEKORAT\u0130F \u015e\u0130\u015eE<\/p>\n","protected":false},"excerpt":{"rendered":"<p>EL YAPIMI \u00d6ZEL TASARLANMI\u015e \u00dc\u00c7 BOYUTLU K\u00dcP DESENL\u0130 \u0130ZN\u0130K \u00c7\u0130N\u0130S\u0130 DEKORAT\u0130F \u015e\u0130\u015eE<\/p>\n","protected":false},"featured_media":14513,"comment_status":"open","ping_status":"closed","template":"","meta":[],"product_cat":[190,20,194],"product_tag":[],"class_list":["post-14364","product","type-product","status-publish","has-post-thumbnail","hentry","product_cat-cini-urunler","product_cat-urunler","product_cat-vazolar"],"_links":{"self":[{"href":"https:\/\/www.sabasanat.com.tr\/index.php\/wp-json\/wp\/v3\/product\/14364","targetHints":{"allow":["GET"]}}],"collection":[{"href":"https:\/\/www.sabasanat.com.tr\/index.php\/wp-json\/wp\/v3\/product"}],"about":[{"href":"https:\/\/www.sabasanat.com.tr\/index.php\/wp-json\/wp\/v2\/types\/product"}],"replies":[{"embeddable":true,"href":"https:\/\/www.sabasanat.com.tr\/index.php\/wp-json\/wp\/v2\/comments?post=14364"}],"version-history":[{"count":4,"href":"https:\/\/www.sabasanat.com.tr\/index.php\/wp-json\/wp\/v3\/product\/14364\/revisions"}],"predecessor-version":[{"id":14700,"href":"https:\/\/www.sabasanat.com.tr\/index.php\/wp-json\/wp\/v3\/product\/14364\/revisions\/14700"}],"wp:featuredmedia":[{"embeddable":true,"href":"https:\/\/www.sabasanat.com.tr\/index.php\/wp-json\/wp\/v2\/media\/14513"}],"wp:attachment":[{"href":"https:\/\/www.sabasanat.com.tr\/index.php\/wp-json\/wp\/v2\/media?parent=14364"}],"wp:term":[{"taxonomy":"product_cat","embeddable":true,"href":"https:\/\/www.sabasanat.com.tr\/index.php\/wp-json\/wp\/v2\/product_cat?post=14364"},{"taxonomy":"product_tag","embeddable":true,"href":"https:\/\/www.sabasanat.com.tr\/index.php\/wp-json\/wp\/v2\/product_tag?post=14364"}],"curies":[{"name":"wp","href":"https:\/\/api.w.org\/{rel}","templated":true}]}}