{"id":14366,"date":"2023-08-09T18:40:37","date_gmt":"2023-08-09T15:40:37","guid":{"rendered":"https:\/\/www.sabasanat.com.tr\/?post_type=product&#038;p=14366"},"modified":"2024-10-06T13:52:44","modified_gmt":"2024-10-06T10:52:44","slug":"saksi","status":"publish","type":"product","link":"https:\/\/www.sabasanat.com.tr\/index.php\/urun\/saksi\/","title":{"rendered":"K\u00dcPK\u00dcP GOLD SAKSI KASE"},"content":{"rendered":"<p>EL YAPIMI \u0130ZN\u0130K \u00c7\u0130N\u0130S\u0130 geometrik k\u00fcp desenli, beyaz alt\u0131n i\u015flemeli, \u00fc\u00e7ayakl\u0131 saks\u0131 kase <\/p>\n","protected":false},"excerpt":{"rendered":"<p>EL YAPIMI \u0130ZN\u0130K \u00c7\u0130N\u0130S\u0130 geometrik k\u00fcp desenli, beyaz alt\u0131n i\u015flemeli, \u00fc\u00e7ayakl\u0131 saks\u0131 kase<\/p>\n","protected":false},"featured_media":14511,"comment_status":"open","ping_status":"closed","template":"","meta":[],"product_cat":[190,193,20],"product_tag":[],"class_list":["post-14366","product","type-product","status-publish","has-post-thumbnail","hentry","product_cat-cini-urunler","product_cat-kaseler","product_cat-urunler"],"_links":{"self":[{"href":"https:\/\/www.sabasanat.com.tr\/index.php\/wp-json\/wp\/v3\/product\/14366","targetHints":{"allow":["GET"]}}],"collection":[{"href":"https:\/\/www.sabasanat.com.tr\/index.php\/wp-json\/wp\/v3\/product"}],"about":[{"href":"https:\/\/www.sabasanat.com.tr\/index.php\/wp-json\/wp\/v2\/types\/product"}],"replies":[{"embeddable":true,"href":"https:\/\/www.sabasanat.com.tr\/index.php\/wp-json\/wp\/v2\/comments?post=14366"}],"version-history":[{"count":4,"href":"https:\/\/www.sabasanat.com.tr\/index.php\/wp-json\/wp\/v3\/product\/14366\/revisions"}],"predecessor-version":[{"id":14925,"href":"https:\/\/www.sabasanat.com.tr\/index.php\/wp-json\/wp\/v3\/product\/14366\/revisions\/14925"}],"wp:featuredmedia":[{"embeddable":true,"href":"https:\/\/www.sabasanat.com.tr\/index.php\/wp-json\/wp\/v2\/media\/14511"}],"wp:attachment":[{"href":"https:\/\/www.sabasanat.com.tr\/index.php\/wp-json\/wp\/v2\/media?parent=14366"}],"wp:term":[{"taxonomy":"product_cat","embeddable":true,"href":"https:\/\/www.sabasanat.com.tr\/index.php\/wp-json\/wp\/v2\/product_cat?post=14366"},{"taxonomy":"product_tag","embeddable":true,"href":"https:\/\/www.sabasanat.com.tr\/index.php\/wp-json\/wp\/v2\/product_tag?post=14366"}],"curies":[{"name":"wp","href":"https:\/\/api.w.org\/{rel}","templated":true}]}}