{"id":14371,"date":"2023-08-09T18:54:11","date_gmt":"2023-08-09T15:54:11","guid":{"rendered":"https:\/\/www.sabasanat.com.tr\/?post_type=product&#038;p=14371"},"modified":"2024-10-26T23:33:13","modified_gmt":"2024-10-26T20:33:13","slug":"kup","status":"publish","type":"product","link":"https:\/\/www.sabasanat.com.tr\/index.php\/urun\/kup\/","title":{"rendered":"YILDIZ KAVANOZ"},"content":{"rendered":"<p>\u00f6zel tasar\u0131m, sel\u00e7uklu deseni, alt\u0131n yald\u0131z detayl\u0131<br \/>\nkavanoz, dekoratif ama\u00e7l\u0131 kullan\u0131ma uygun,<br \/>\n15cm<\/p>\n","protected":false},"excerpt":{"rendered":"<p>\u00f6zel tasar\u0131m, sel\u00e7uklu deseni, alt\u0131n yald\u0131z detayl\u0131 kavanoz, dekoratif ama\u00e7l\u0131 kullan\u0131ma uygun, 15cm<\/p>\n","protected":false},"featured_media":14506,"comment_status":"open","ping_status":"closed","template":"","meta":[],"product_cat":[190,195,209,20],"product_tag":[],"class_list":["post-14371","product","type-product","status-publish","has-post-thumbnail","hentry","product_cat-cini-urunler","product_cat-kup","product_cat-tum-hediyelikler","product_cat-urunler"],"_links":{"self":[{"href":"https:\/\/www.sabasanat.com.tr\/index.php\/wp-json\/wp\/v3\/product\/14371","targetHints":{"allow":["GET"]}}],"collection":[{"href":"https:\/\/www.sabasanat.com.tr\/index.php\/wp-json\/wp\/v3\/product"}],"about":[{"href":"https:\/\/www.sabasanat.com.tr\/index.php\/wp-json\/wp\/v2\/types\/product"}],"replies":[{"embeddable":true,"href":"https:\/\/www.sabasanat.com.tr\/index.php\/wp-json\/wp\/v2\/comments?post=14371"}],"version-history":[{"count":5,"href":"https:\/\/www.sabasanat.com.tr\/index.php\/wp-json\/wp\/v3\/product\/14371\/revisions"}],"predecessor-version":[{"id":15003,"href":"https:\/\/www.sabasanat.com.tr\/index.php\/wp-json\/wp\/v3\/product\/14371\/revisions\/15003"}],"wp:featuredmedia":[{"embeddable":true,"href":"https:\/\/www.sabasanat.com.tr\/index.php\/wp-json\/wp\/v2\/media\/14506"}],"wp:attachment":[{"href":"https:\/\/www.sabasanat.com.tr\/index.php\/wp-json\/wp\/v2\/media?parent=14371"}],"wp:term":[{"taxonomy":"product_cat","embeddable":true,"href":"https:\/\/www.sabasanat.com.tr\/index.php\/wp-json\/wp\/v2\/product_cat?post=14371"},{"taxonomy":"product_tag","embeddable":true,"href":"https:\/\/www.sabasanat.com.tr\/index.php\/wp-json\/wp\/v2\/product_tag?post=14371"}],"curies":[{"name":"wp","href":"https:\/\/api.w.org\/{rel}","templated":true}]}}