{"id":14378,"date":"2023-08-09T19:09:12","date_gmt":"2023-08-09T16:09:12","guid":{"rendered":"https:\/\/www.sabasanat.com.tr\/?post_type=product&#038;p=14378"},"modified":"2024-10-06T14:15:59","modified_gmt":"2024-10-06T11:15:59","slug":"vazo-18","status":"publish","type":"product","link":"https:\/\/www.sabasanat.com.tr\/index.php\/urun\/vazo-18\/","title":{"rendered":"SEL\u00c7UKLU YILDIZI \u0130ZN\u0130K \u015e\u0130\u015eE"},"content":{"rendered":"<p>\u00f6zel tasar\u0131m, sel\u00e7uklu deseni, alt\u0131n yald\u0131z detayl\u0131<br \/>\n\u015fi\u015fe dekoratif ama\u00e7l\u0131 kullan\u0131ma uygun,<br \/>\n40 cm<\/p>\n","protected":false},"excerpt":{"rendered":"<p>\u00f6zel tasar\u0131m, sel\u00e7uklu deseni, alt\u0131n yald\u0131z detayl\u0131 \u015fi\u015fe dekoratif ama\u00e7l\u0131 kullan\u0131ma uygun, 40 cm<\/p>\n","protected":false},"featured_media":14505,"comment_status":"open","ping_status":"closed","template":"","meta":[],"product_cat":[190,194],"product_tag":[],"class_list":["post-14378","product","type-product","status-publish","has-post-thumbnail","hentry","product_cat-cini-urunler","product_cat-vazolar"],"_links":{"self":[{"href":"https:\/\/www.sabasanat.com.tr\/index.php\/wp-json\/wp\/v3\/product\/14378","targetHints":{"allow":["GET"]}}],"collection":[{"href":"https:\/\/www.sabasanat.com.tr\/index.php\/wp-json\/wp\/v3\/product"}],"about":[{"href":"https:\/\/www.sabasanat.com.tr\/index.php\/wp-json\/wp\/v2\/types\/product"}],"replies":[{"embeddable":true,"href":"https:\/\/www.sabasanat.com.tr\/index.php\/wp-json\/wp\/v2\/comments?post=14378"}],"version-history":[{"count":5,"href":"https:\/\/www.sabasanat.com.tr\/index.php\/wp-json\/wp\/v3\/product\/14378\/revisions"}],"predecessor-version":[{"id":14939,"href":"https:\/\/www.sabasanat.com.tr\/index.php\/wp-json\/wp\/v3\/product\/14378\/revisions\/14939"}],"wp:featuredmedia":[{"embeddable":true,"href":"https:\/\/www.sabasanat.com.tr\/index.php\/wp-json\/wp\/v2\/media\/14505"}],"wp:attachment":[{"href":"https:\/\/www.sabasanat.com.tr\/index.php\/wp-json\/wp\/v2\/media?parent=14378"}],"wp:term":[{"taxonomy":"product_cat","embeddable":true,"href":"https:\/\/www.sabasanat.com.tr\/index.php\/wp-json\/wp\/v2\/product_cat?post=14378"},{"taxonomy":"product_tag","embeddable":true,"href":"https:\/\/www.sabasanat.com.tr\/index.php\/wp-json\/wp\/v2\/product_tag?post=14378"}],"curies":[{"name":"wp","href":"https:\/\/api.w.org\/{rel}","templated":true}]}}