{"id":14380,"date":"2023-08-09T19:10:04","date_gmt":"2023-08-09T16:10:04","guid":{"rendered":"https:\/\/www.sabasanat.com.tr\/?post_type=product&#038;p=14380"},"modified":"2024-10-06T14:14:28","modified_gmt":"2024-10-06T11:14:28","slug":"vazo-19","status":"publish","type":"product","link":"https:\/\/www.sabasanat.com.tr\/index.php\/urun\/vazo-19\/","title":{"rendered":"SEL\u00c7UKLU YILDIZI \u0130ZN\u0130K \u015e\u0130\u015eE"},"content":{"rendered":"<p>\u00f6zel tasar\u0131m, sel\u00e7uklu deseni, alt\u0131n yald\u0131z detayl\u0131<br \/>\n\u015fi\u015fe dekoratif ama\u00e7l\u0131 kullan\u0131ma uygun,<br \/>\n30 cm<\/p>\n","protected":false},"excerpt":{"rendered":"<p>\u00f6zel tasar\u0131m, sel\u00e7uklu deseni, alt\u0131n yald\u0131z detayl\u0131 \u015fi\u015fe dekoratif ama\u00e7l\u0131 kullan\u0131ma uygun, 30 cm<\/p>\n","protected":false},"featured_media":14504,"comment_status":"open","ping_status":"closed","template":"","meta":[],"product_cat":[190,20,194],"product_tag":[],"class_list":["post-14380","product","type-product","status-publish","has-post-thumbnail","hentry","product_cat-cini-urunler","product_cat-urunler","product_cat-vazolar"],"_links":{"self":[{"href":"https:\/\/www.sabasanat.com.tr\/index.php\/wp-json\/wp\/v3\/product\/14380","targetHints":{"allow":["GET"]}}],"collection":[{"href":"https:\/\/www.sabasanat.com.tr\/index.php\/wp-json\/wp\/v3\/product"}],"about":[{"href":"https:\/\/www.sabasanat.com.tr\/index.php\/wp-json\/wp\/v2\/types\/product"}],"replies":[{"embeddable":true,"href":"https:\/\/www.sabasanat.com.tr\/index.php\/wp-json\/wp\/v2\/comments?post=14380"}],"version-history":[{"count":4,"href":"https:\/\/www.sabasanat.com.tr\/index.php\/wp-json\/wp\/v3\/product\/14380\/revisions"}],"predecessor-version":[{"id":14938,"href":"https:\/\/www.sabasanat.com.tr\/index.php\/wp-json\/wp\/v3\/product\/14380\/revisions\/14938"}],"wp:featuredmedia":[{"embeddable":true,"href":"https:\/\/www.sabasanat.com.tr\/index.php\/wp-json\/wp\/v2\/media\/14504"}],"wp:attachment":[{"href":"https:\/\/www.sabasanat.com.tr\/index.php\/wp-json\/wp\/v2\/media?parent=14380"}],"wp:term":[{"taxonomy":"product_cat","embeddable":true,"href":"https:\/\/www.sabasanat.com.tr\/index.php\/wp-json\/wp\/v2\/product_cat?post=14380"},{"taxonomy":"product_tag","embeddable":true,"href":"https:\/\/www.sabasanat.com.tr\/index.php\/wp-json\/wp\/v2\/product_tag?post=14380"}],"curies":[{"name":"wp","href":"https:\/\/api.w.org\/{rel}","templated":true}]}}