{"id":14385,"date":"2023-08-09T20:02:36","date_gmt":"2023-08-09T17:02:36","guid":{"rendered":"https:\/\/www.sabasanat.com.tr\/?post_type=product&#038;p=14385"},"modified":"2024-10-06T14:48:50","modified_gmt":"2024-10-06T11:48:50","slug":"vazo-21","status":"publish","type":"product","link":"https:\/\/www.sabasanat.com.tr\/index.php\/urun\/vazo-21\/","title":{"rendered":"GOLD TURKO DEKOR \u015e\u0130\u015eE"},"content":{"rendered":"<p>Alt\u0131n detayl\u0131, kelebek desenli<br \/>\n\u0130znik \u00e7ini \u015fi\u015fesi \u00f6zel tasar\u0131m, \u00e7ok ama\u00e7l\u0131 dekor olabilecek bir \u00fcr\u00fcn<br \/>\ntek \u00fcretilmi\u015ftir.<br \/>\n20 cm <\/p>\n","protected":false},"excerpt":{"rendered":"<p>Alt\u0131n detayl\u0131, kelebek desenli \u0130znik \u00e7ini \u015fi\u015fesi \u00f6zel tasar\u0131m, \u00e7ok ama\u00e7l\u0131 dekor olabilecek bir \u00fcr\u00fcn tek \u00fcretilmi\u015ftir. 20 cm<\/p>\n","protected":false},"featured_media":14502,"comment_status":"open","ping_status":"closed","template":"","meta":[],"product_cat":[190,195,20,194],"product_tag":[],"class_list":["post-14385","product","type-product","status-publish","has-post-thumbnail","hentry","product_cat-cini-urunler","product_cat-kup","product_cat-urunler","product_cat-vazolar"],"_links":{"self":[{"href":"https:\/\/www.sabasanat.com.tr\/index.php\/wp-json\/wp\/v3\/product\/14385","targetHints":{"allow":["GET"]}}],"collection":[{"href":"https:\/\/www.sabasanat.com.tr\/index.php\/wp-json\/wp\/v3\/product"}],"about":[{"href":"https:\/\/www.sabasanat.com.tr\/index.php\/wp-json\/wp\/v2\/types\/product"}],"replies":[{"embeddable":true,"href":"https:\/\/www.sabasanat.com.tr\/index.php\/wp-json\/wp\/v2\/comments?post=14385"}],"version-history":[{"count":5,"href":"https:\/\/www.sabasanat.com.tr\/index.php\/wp-json\/wp\/v3\/product\/14385\/revisions"}],"predecessor-version":[{"id":14959,"href":"https:\/\/www.sabasanat.com.tr\/index.php\/wp-json\/wp\/v3\/product\/14385\/revisions\/14959"}],"wp:featuredmedia":[{"embeddable":true,"href":"https:\/\/www.sabasanat.com.tr\/index.php\/wp-json\/wp\/v2\/media\/14502"}],"wp:attachment":[{"href":"https:\/\/www.sabasanat.com.tr\/index.php\/wp-json\/wp\/v2\/media?parent=14385"}],"wp:term":[{"taxonomy":"product_cat","embeddable":true,"href":"https:\/\/www.sabasanat.com.tr\/index.php\/wp-json\/wp\/v2\/product_cat?post=14385"},{"taxonomy":"product_tag","embeddable":true,"href":"https:\/\/www.sabasanat.com.tr\/index.php\/wp-json\/wp\/v2\/product_tag?post=14385"}],"curies":[{"name":"wp","href":"https:\/\/api.w.org\/{rel}","templated":true}]}}