{"id":14413,"date":"2023-08-12T15:55:01","date_gmt":"2023-08-12T12:55:01","guid":{"rendered":"https:\/\/www.sabasanat.com.tr\/?post_type=product&#038;p=14413"},"modified":"2024-10-26T23:52:55","modified_gmt":"2024-10-26T20:52:55","slug":"kup-2","status":"publish","type":"product","link":"https:\/\/www.sabasanat.com.tr\/index.php\/urun\/kup-2\/","title":{"rendered":"\u015eAH K\u00dcP YE\u015e\u0130L"},"content":{"rendered":"<p>EL YAPIMI ALTIN VARAKLI KLAS\u0130K \u015eAH K\u00dcP<\/p>\n","protected":false},"excerpt":{"rendered":"<p>EL YAPIMI ALTIN VARAKLI KLAS\u0130K \u015eAH K\u00dcP<\/p>\n","protected":false},"featured_media":14501,"comment_status":"open","ping_status":"closed","template":"","meta":[],"product_cat":[190,195,20],"product_tag":[],"class_list":["post-14413","product","type-product","status-publish","has-post-thumbnail","hentry","product_cat-cini-urunler","product_cat-kup","product_cat-urunler"],"_links":{"self":[{"href":"https:\/\/www.sabasanat.com.tr\/index.php\/wp-json\/wp\/v3\/product\/14413","targetHints":{"allow":["GET"]}}],"collection":[{"href":"https:\/\/www.sabasanat.com.tr\/index.php\/wp-json\/wp\/v3\/product"}],"about":[{"href":"https:\/\/www.sabasanat.com.tr\/index.php\/wp-json\/wp\/v2\/types\/product"}],"replies":[{"embeddable":true,"href":"https:\/\/www.sabasanat.com.tr\/index.php\/wp-json\/wp\/v2\/comments?post=14413"}],"version-history":[{"count":4,"href":"https:\/\/www.sabasanat.com.tr\/index.php\/wp-json\/wp\/v3\/product\/14413\/revisions"}],"predecessor-version":[{"id":15014,"href":"https:\/\/www.sabasanat.com.tr\/index.php\/wp-json\/wp\/v3\/product\/14413\/revisions\/15014"}],"wp:featuredmedia":[{"embeddable":true,"href":"https:\/\/www.sabasanat.com.tr\/index.php\/wp-json\/wp\/v2\/media\/14501"}],"wp:attachment":[{"href":"https:\/\/www.sabasanat.com.tr\/index.php\/wp-json\/wp\/v2\/media?parent=14413"}],"wp:term":[{"taxonomy":"product_cat","embeddable":true,"href":"https:\/\/www.sabasanat.com.tr\/index.php\/wp-json\/wp\/v2\/product_cat?post=14413"},{"taxonomy":"product_tag","embeddable":true,"href":"https:\/\/www.sabasanat.com.tr\/index.php\/wp-json\/wp\/v2\/product_tag?post=14413"}],"curies":[{"name":"wp","href":"https:\/\/api.w.org\/{rel}","templated":true}]}}