{"id":14417,"date":"2023-08-12T15:58:02","date_gmt":"2023-08-12T12:58:02","guid":{"rendered":"https:\/\/www.sabasanat.com.tr\/?post_type=product&#038;p=14417"},"modified":"2024-10-26T21:59:32","modified_gmt":"2024-10-26T18:59:32","slug":"kup-3","status":"publish","type":"product","link":"https:\/\/www.sabasanat.com.tr\/index.php\/urun\/kup-3\/","title":{"rendered":"\u015eAH K\u00dcP MOR"},"content":{"rendered":"<p>EEL YAPIMI \u0130ZN\u0130K \u00c7\u0130N\u0130S\u0130 MOR \u015eAH K\u00dcP<\/p>\n","protected":false},"excerpt":{"rendered":"<p>EEL YAPIMI \u0130ZN\u0130K \u00c7\u0130N\u0130S\u0130 MOR \u015eAH K\u00dcP<\/p>\n","protected":false},"featured_media":14497,"comment_status":"open","ping_status":"closed","template":"","meta":[],"product_cat":[190,195,20],"product_tag":[],"class_list":["post-14417","product","type-product","status-publish","has-post-thumbnail","hentry","product_cat-cini-urunler","product_cat-kup","product_cat-urunler"],"_links":{"self":[{"href":"https:\/\/www.sabasanat.com.tr\/index.php\/wp-json\/wp\/v3\/product\/14417","targetHints":{"allow":["GET"]}}],"collection":[{"href":"https:\/\/www.sabasanat.com.tr\/index.php\/wp-json\/wp\/v3\/product"}],"about":[{"href":"https:\/\/www.sabasanat.com.tr\/index.php\/wp-json\/wp\/v2\/types\/product"}],"replies":[{"embeddable":true,"href":"https:\/\/www.sabasanat.com.tr\/index.php\/wp-json\/wp\/v2\/comments?post=14417"}],"version-history":[{"count":3,"href":"https:\/\/www.sabasanat.com.tr\/index.php\/wp-json\/wp\/v3\/product\/14417\/revisions"}],"predecessor-version":[{"id":15002,"href":"https:\/\/www.sabasanat.com.tr\/index.php\/wp-json\/wp\/v3\/product\/14417\/revisions\/15002"}],"wp:featuredmedia":[{"embeddable":true,"href":"https:\/\/www.sabasanat.com.tr\/index.php\/wp-json\/wp\/v2\/media\/14497"}],"wp:attachment":[{"href":"https:\/\/www.sabasanat.com.tr\/index.php\/wp-json\/wp\/v2\/media?parent=14417"}],"wp:term":[{"taxonomy":"product_cat","embeddable":true,"href":"https:\/\/www.sabasanat.com.tr\/index.php\/wp-json\/wp\/v2\/product_cat?post=14417"},{"taxonomy":"product_tag","embeddable":true,"href":"https:\/\/www.sabasanat.com.tr\/index.php\/wp-json\/wp\/v2\/product_tag?post=14417"}],"curies":[{"name":"wp","href":"https:\/\/api.w.org\/{rel}","templated":true}]}}