{"id":14419,"date":"2023-08-12T18:07:18","date_gmt":"2023-08-12T15:07:18","guid":{"rendered":"https:\/\/www.sabasanat.com.tr\/?post_type=product&#038;p=14419"},"modified":"2024-10-26T23:55:27","modified_gmt":"2024-10-26T20:55:27","slug":"kup-4","status":"publish","type":"product","link":"https:\/\/www.sabasanat.com.tr\/index.php\/urun\/kup-4\/","title":{"rendered":"\u015eAH K\u00dcP TURKUAZ"},"content":{"rendered":"<p>EL YAPIMI ALTIN VARAKLI KLAS\u0130K \u015eAH K\u00dcP<\/p>\n","protected":false},"excerpt":{"rendered":"<p>EL YAPIMI ALTIN VARAKLI KLAS\u0130K \u015eAH K\u00dcP<\/p>\n","protected":false},"featured_media":14498,"comment_status":"open","ping_status":"closed","template":"","meta":[],"product_cat":[190,195,20],"product_tag":[],"class_list":["post-14419","product","type-product","status-publish","has-post-thumbnail","hentry","product_cat-cini-urunler","product_cat-kup","product_cat-urunler"],"_links":{"self":[{"href":"https:\/\/www.sabasanat.com.tr\/index.php\/wp-json\/wp\/v3\/product\/14419","targetHints":{"allow":["GET"]}}],"collection":[{"href":"https:\/\/www.sabasanat.com.tr\/index.php\/wp-json\/wp\/v3\/product"}],"about":[{"href":"https:\/\/www.sabasanat.com.tr\/index.php\/wp-json\/wp\/v2\/types\/product"}],"replies":[{"embeddable":true,"href":"https:\/\/www.sabasanat.com.tr\/index.php\/wp-json\/wp\/v2\/comments?post=14419"}],"version-history":[{"count":2,"href":"https:\/\/www.sabasanat.com.tr\/index.php\/wp-json\/wp\/v3\/product\/14419\/revisions"}],"predecessor-version":[{"id":15015,"href":"https:\/\/www.sabasanat.com.tr\/index.php\/wp-json\/wp\/v3\/product\/14419\/revisions\/15015"}],"wp:featuredmedia":[{"embeddable":true,"href":"https:\/\/www.sabasanat.com.tr\/index.php\/wp-json\/wp\/v2\/media\/14498"}],"wp:attachment":[{"href":"https:\/\/www.sabasanat.com.tr\/index.php\/wp-json\/wp\/v2\/media?parent=14419"}],"wp:term":[{"taxonomy":"product_cat","embeddable":true,"href":"https:\/\/www.sabasanat.com.tr\/index.php\/wp-json\/wp\/v2\/product_cat?post=14419"},{"taxonomy":"product_tag","embeddable":true,"href":"https:\/\/www.sabasanat.com.tr\/index.php\/wp-json\/wp\/v2\/product_tag?post=14419"}],"curies":[{"name":"wp","href":"https:\/\/api.w.org\/{rel}","templated":true}]}}