{"id":14423,"date":"2023-08-12T18:08:39","date_gmt":"2023-08-12T15:08:39","guid":{"rendered":"https:\/\/www.sabasanat.com.tr\/?post_type=product&#038;p=14423"},"modified":"2024-10-27T09:07:52","modified_gmt":"2024-10-27T06:07:52","slug":"vazo-22","status":"publish","type":"product","link":"https:\/\/www.sabasanat.com.tr\/index.php\/urun\/vazo-22\/","title":{"rendered":"\u00c7\u0130N\u0130 BUHURDAN"},"content":{"rendered":"<p>EL YAPIMI \u0130ZN\u0130K \u00c7\u0130N\u0130S\u0130 ALTIN \u0130\u015eLLEMEL\u0130 \u015e\u0130\u015eE<\/p>\n","protected":false},"excerpt":{"rendered":"<p>EL YAPIMI \u0130ZN\u0130K \u00c7\u0130N\u0130S\u0130 ALTIN \u0130\u015eLLEMEL\u0130 \u015e\u0130\u015eE<\/p>\n","protected":false},"featured_media":14496,"comment_status":"open","ping_status":"closed","template":"","meta":[],"product_cat":[202,190,20],"product_tag":[],"class_list":["post-14423","product","type-product","status-publish","has-post-thumbnail","hentry","product_cat-can-ve-biblolar","product_cat-cini-urunler","product_cat-urunler"],"_links":{"self":[{"href":"https:\/\/www.sabasanat.com.tr\/index.php\/wp-json\/wp\/v3\/product\/14423","targetHints":{"allow":["GET"]}}],"collection":[{"href":"https:\/\/www.sabasanat.com.tr\/index.php\/wp-json\/wp\/v3\/product"}],"about":[{"href":"https:\/\/www.sabasanat.com.tr\/index.php\/wp-json\/wp\/v2\/types\/product"}],"replies":[{"embeddable":true,"href":"https:\/\/www.sabasanat.com.tr\/index.php\/wp-json\/wp\/v2\/comments?post=14423"}],"version-history":[{"count":3,"href":"https:\/\/www.sabasanat.com.tr\/index.php\/wp-json\/wp\/v3\/product\/14423\/revisions"}],"predecessor-version":[{"id":14954,"href":"https:\/\/www.sabasanat.com.tr\/index.php\/wp-json\/wp\/v3\/product\/14423\/revisions\/14954"}],"wp:featuredmedia":[{"embeddable":true,"href":"https:\/\/www.sabasanat.com.tr\/index.php\/wp-json\/wp\/v2\/media\/14496"}],"wp:attachment":[{"href":"https:\/\/www.sabasanat.com.tr\/index.php\/wp-json\/wp\/v2\/media?parent=14423"}],"wp:term":[{"taxonomy":"product_cat","embeddable":true,"href":"https:\/\/www.sabasanat.com.tr\/index.php\/wp-json\/wp\/v2\/product_cat?post=14423"},{"taxonomy":"product_tag","embeddable":true,"href":"https:\/\/www.sabasanat.com.tr\/index.php\/wp-json\/wp\/v2\/product_tag?post=14423"}],"curies":[{"name":"wp","href":"https:\/\/api.w.org\/{rel}","templated":true}]}}