{"id":14426,"date":"2023-08-15T17:19:14","date_gmt":"2023-08-15T14:19:14","guid":{"rendered":"https:\/\/www.sabasanat.com.tr\/?post_type=product&#038;p=14426"},"modified":"2024-10-06T13:57:19","modified_gmt":"2024-10-06T10:57:19","slug":"vazo-23","status":"publish","type":"product","link":"https:\/\/www.sabasanat.com.tr\/index.php\/urun\/vazo-23\/","title":{"rendered":"SEL\u00c7UKLU YILDIZI \u0130ZN\u0130K VAZO"},"content":{"rendered":"<p>\u00d6zel tasar\u0131m \u0130znik \u00e7inisi sel\u00e7uklu desenli alt\u0131n Varakl\u0131 dekoratif vazo<\/p>\n","protected":false},"excerpt":{"rendered":"<p>\u00d6zel tasar\u0131m \u0130znik \u00e7inisi sel\u00e7uklu desenli alt\u0131n Varakl\u0131 dekoratif vazo<\/p>\n","protected":false},"featured_media":14500,"comment_status":"open","ping_status":"closed","template":"","meta":[],"product_cat":[190,195,20,194],"product_tag":[],"class_list":["post-14426","product","type-product","status-publish","has-post-thumbnail","hentry","product_cat-cini-urunler","product_cat-kup","product_cat-urunler","product_cat-vazolar"],"_links":{"self":[{"href":"https:\/\/www.sabasanat.com.tr\/index.php\/wp-json\/wp\/v3\/product\/14426","targetHints":{"allow":["GET"]}}],"collection":[{"href":"https:\/\/www.sabasanat.com.tr\/index.php\/wp-json\/wp\/v3\/product"}],"about":[{"href":"https:\/\/www.sabasanat.com.tr\/index.php\/wp-json\/wp\/v2\/types\/product"}],"replies":[{"embeddable":true,"href":"https:\/\/www.sabasanat.com.tr\/index.php\/wp-json\/wp\/v2\/comments?post=14426"}],"version-history":[{"count":3,"href":"https:\/\/www.sabasanat.com.tr\/index.php\/wp-json\/wp\/v3\/product\/14426\/revisions"}],"predecessor-version":[{"id":14928,"href":"https:\/\/www.sabasanat.com.tr\/index.php\/wp-json\/wp\/v3\/product\/14426\/revisions\/14928"}],"wp:featuredmedia":[{"embeddable":true,"href":"https:\/\/www.sabasanat.com.tr\/index.php\/wp-json\/wp\/v2\/media\/14500"}],"wp:attachment":[{"href":"https:\/\/www.sabasanat.com.tr\/index.php\/wp-json\/wp\/v2\/media?parent=14426"}],"wp:term":[{"taxonomy":"product_cat","embeddable":true,"href":"https:\/\/www.sabasanat.com.tr\/index.php\/wp-json\/wp\/v2\/product_cat?post=14426"},{"taxonomy":"product_tag","embeddable":true,"href":"https:\/\/www.sabasanat.com.tr\/index.php\/wp-json\/wp\/v2\/product_tag?post=14426"}],"curies":[{"name":"wp","href":"https:\/\/api.w.org\/{rel}","templated":true}]}}