{"id":14430,"date":"2023-08-15T17:22:00","date_gmt":"2023-08-15T14:22:00","guid":{"rendered":"https:\/\/www.sabasanat.com.tr\/?post_type=product&#038;p=14430"},"modified":"2024-10-27T09:09:20","modified_gmt":"2024-10-27T06:09:20","slug":"kup-5","status":"publish","type":"product","link":"https:\/\/www.sabasanat.com.tr\/index.php\/urun\/kup-5\/","title":{"rendered":"SEL\u00c7UKLU YILDIZI \u0130ZN\u0130K K\u00dcP"},"content":{"rendered":"<p>EL YAPIMI \u00d6ZEL TASARIM \u0130ZN\u0130K \u00c7\u0130N\u0130S\u0130 \u015eAH K\u00dcP<\/p>\n","protected":false},"excerpt":{"rendered":"<p>EL YAPIMI \u00d6ZEL TASARIM \u0130ZN\u0130K \u00c7\u0130N\u0130S\u0130 \u015eAH K\u00dcP<\/p>\n","protected":false},"featured_media":14499,"comment_status":"open","ping_status":"closed","template":"","meta":[],"product_cat":[190,195,20],"product_tag":[],"class_list":["post-14430","product","type-product","status-publish","has-post-thumbnail","hentry","product_cat-cini-urunler","product_cat-kup","product_cat-urunler"],"_links":{"self":[{"href":"https:\/\/www.sabasanat.com.tr\/index.php\/wp-json\/wp\/v3\/product\/14430","targetHints":{"allow":["GET"]}}],"collection":[{"href":"https:\/\/www.sabasanat.com.tr\/index.php\/wp-json\/wp\/v3\/product"}],"about":[{"href":"https:\/\/www.sabasanat.com.tr\/index.php\/wp-json\/wp\/v2\/types\/product"}],"replies":[{"embeddable":true,"href":"https:\/\/www.sabasanat.com.tr\/index.php\/wp-json\/wp\/v2\/comments?post=14430"}],"version-history":[{"count":3,"href":"https:\/\/www.sabasanat.com.tr\/index.php\/wp-json\/wp\/v3\/product\/14430\/revisions"}],"predecessor-version":[{"id":15010,"href":"https:\/\/www.sabasanat.com.tr\/index.php\/wp-json\/wp\/v3\/product\/14430\/revisions\/15010"}],"wp:featuredmedia":[{"embeddable":true,"href":"https:\/\/www.sabasanat.com.tr\/index.php\/wp-json\/wp\/v2\/media\/14499"}],"wp:attachment":[{"href":"https:\/\/www.sabasanat.com.tr\/index.php\/wp-json\/wp\/v2\/media?parent=14430"}],"wp:term":[{"taxonomy":"product_cat","embeddable":true,"href":"https:\/\/www.sabasanat.com.tr\/index.php\/wp-json\/wp\/v2\/product_cat?post=14430"},{"taxonomy":"product_tag","embeddable":true,"href":"https:\/\/www.sabasanat.com.tr\/index.php\/wp-json\/wp\/v2\/product_tag?post=14430"}],"curies":[{"name":"wp","href":"https:\/\/api.w.org\/{rel}","templated":true}]}}