{"id":14432,"date":"2023-08-15T18:12:41","date_gmt":"2023-08-15T15:12:41","guid":{"rendered":"https:\/\/www.sabasanat.com.tr\/?post_type=product&#038;p=14432"},"modified":"2024-10-27T09:00:12","modified_gmt":"2024-10-27T06:00:12","slug":"kase-2","status":"publish","type":"product","link":"https:\/\/www.sabasanat.com.tr\/index.php\/urun\/kase-2\/","title":{"rendered":"\u0130ZN\u0130K \u00c7\u0130N\u0130 TABAK"},"content":{"rendered":"<p>KLAS\u0130K \u0130ZN\u0130K \u00c7\u0130N\u0130 DESENL\u0130 EL YAPIMI \u00c7UKUR TABAK<\/p>\n","protected":false},"excerpt":{"rendered":"<p>KLAS\u0130K \u0130ZN\u0130K \u00c7\u0130N\u0130 DESENL\u0130 EL YAPIMI \u00c7UKUR TABAK<\/p>\n","protected":false},"featured_media":14433,"comment_status":"open","ping_status":"closed","template":"","meta":[],"product_cat":[190,193,191],"product_tag":[],"class_list":["post-14432","product","type-product","status-publish","has-post-thumbnail","hentry","product_cat-cini-urunler","product_cat-kaseler","product_cat-tabaklar"],"_links":{"self":[{"href":"https:\/\/www.sabasanat.com.tr\/index.php\/wp-json\/wp\/v3\/product\/14432","targetHints":{"allow":["GET"]}}],"collection":[{"href":"https:\/\/www.sabasanat.com.tr\/index.php\/wp-json\/wp\/v3\/product"}],"about":[{"href":"https:\/\/www.sabasanat.com.tr\/index.php\/wp-json\/wp\/v2\/types\/product"}],"replies":[{"embeddable":true,"href":"https:\/\/www.sabasanat.com.tr\/index.php\/wp-json\/wp\/v2\/comments?post=14432"}],"version-history":[{"count":3,"href":"https:\/\/www.sabasanat.com.tr\/index.php\/wp-json\/wp\/v3\/product\/14432\/revisions"}],"predecessor-version":[{"id":15025,"href":"https:\/\/www.sabasanat.com.tr\/index.php\/wp-json\/wp\/v3\/product\/14432\/revisions\/15025"}],"wp:featuredmedia":[{"embeddable":true,"href":"https:\/\/www.sabasanat.com.tr\/index.php\/wp-json\/wp\/v2\/media\/14433"}],"wp:attachment":[{"href":"https:\/\/www.sabasanat.com.tr\/index.php\/wp-json\/wp\/v2\/media?parent=14432"}],"wp:term":[{"taxonomy":"product_cat","embeddable":true,"href":"https:\/\/www.sabasanat.com.tr\/index.php\/wp-json\/wp\/v2\/product_cat?post=14432"},{"taxonomy":"product_tag","embeddable":true,"href":"https:\/\/www.sabasanat.com.tr\/index.php\/wp-json\/wp\/v2\/product_tag?post=14432"}],"curies":[{"name":"wp","href":"https:\/\/api.w.org\/{rel}","templated":true}]}}