{"id":14436,"date":"2023-08-15T18:55:33","date_gmt":"2023-08-15T15:55:33","guid":{"rendered":"https:\/\/www.sabasanat.com.tr\/?post_type=product&#038;p=14436"},"modified":"2024-10-27T08:57:31","modified_gmt":"2024-10-27T05:57:31","slug":"kase-3","status":"publish","type":"product","link":"https:\/\/www.sabasanat.com.tr\/index.php\/urun\/kase-3\/","title":{"rendered":"\u0130ZN\u0130K C\u0130N\u0130 TABAK"},"content":{"rendered":"<p>KLAS\u0130K \u0130ZN\u0130K DESENL\u0130 EL YAPIMI TABAK-KASE<\/p>\n","protected":false},"excerpt":{"rendered":"<p>KLAS\u0130K \u0130ZN\u0130K DESENL\u0130 EL YAPIMI TABAK-KASE<\/p>\n","protected":false},"featured_media":14438,"comment_status":"open","ping_status":"closed","template":"","meta":[],"product_cat":[190,193,191],"product_tag":[],"class_list":["post-14436","product","type-product","status-publish","has-post-thumbnail","hentry","product_cat-cini-urunler","product_cat-kaseler","product_cat-tabaklar"],"_links":{"self":[{"href":"https:\/\/www.sabasanat.com.tr\/index.php\/wp-json\/wp\/v3\/product\/14436","targetHints":{"allow":["GET"]}}],"collection":[{"href":"https:\/\/www.sabasanat.com.tr\/index.php\/wp-json\/wp\/v3\/product"}],"about":[{"href":"https:\/\/www.sabasanat.com.tr\/index.php\/wp-json\/wp\/v2\/types\/product"}],"replies":[{"embeddable":true,"href":"https:\/\/www.sabasanat.com.tr\/index.php\/wp-json\/wp\/v2\/comments?post=14436"}],"version-history":[{"count":3,"href":"https:\/\/www.sabasanat.com.tr\/index.php\/wp-json\/wp\/v3\/product\/14436\/revisions"}],"predecessor-version":[{"id":15023,"href":"https:\/\/www.sabasanat.com.tr\/index.php\/wp-json\/wp\/v3\/product\/14436\/revisions\/15023"}],"wp:featuredmedia":[{"embeddable":true,"href":"https:\/\/www.sabasanat.com.tr\/index.php\/wp-json\/wp\/v2\/media\/14438"}],"wp:attachment":[{"href":"https:\/\/www.sabasanat.com.tr\/index.php\/wp-json\/wp\/v2\/media?parent=14436"}],"wp:term":[{"taxonomy":"product_cat","embeddable":true,"href":"https:\/\/www.sabasanat.com.tr\/index.php\/wp-json\/wp\/v2\/product_cat?post=14436"},{"taxonomy":"product_tag","embeddable":true,"href":"https:\/\/www.sabasanat.com.tr\/index.php\/wp-json\/wp\/v2\/product_tag?post=14436"}],"curies":[{"name":"wp","href":"https:\/\/api.w.org\/{rel}","templated":true}]}}