{"id":14441,"date":"2023-08-15T19:19:28","date_gmt":"2023-08-15T16:19:28","guid":{"rendered":"https:\/\/www.sabasanat.com.tr\/?post_type=product&#038;p=14441"},"modified":"2024-10-27T08:54:12","modified_gmt":"2024-10-27T05:54:12","slug":"kase-4","status":"publish","type":"product","link":"https:\/\/www.sabasanat.com.tr\/index.php\/urun\/kase-4\/","title":{"rendered":"\u0130ZN\u0130K C\u0130N\u0130 TABAK"},"content":{"rendered":"<p>\u00d6ZEL TASARIM EL YAPIMI \u0130ZN\u0130K \u00c7\u0130N\u0130S\u0130 YEMEK VE SERV\u0130SLERDE KULLANILAB\u0130LECEK \u00c7UKUR TABAK<\/p>\n","protected":false},"excerpt":{"rendered":"<p>\u00d6ZEL TASARIM EL YAPIMI \u0130ZN\u0130K \u00c7\u0130N\u0130S\u0130 YEMEK VE SERV\u0130SLERDE KULLANILAB\u0130LECEK \u00c7UKUR TABAK<\/p>\n","protected":false},"featured_media":14486,"comment_status":"open","ping_status":"closed","template":"","meta":[],"product_cat":[190,193,191,20],"product_tag":[],"class_list":["post-14441","product","type-product","status-publish","has-post-thumbnail","hentry","product_cat-cini-urunler","product_cat-kaseler","product_cat-tabaklar","product_cat-urunler"],"_links":{"self":[{"href":"https:\/\/www.sabasanat.com.tr\/index.php\/wp-json\/wp\/v3\/product\/14441","targetHints":{"allow":["GET"]}}],"collection":[{"href":"https:\/\/www.sabasanat.com.tr\/index.php\/wp-json\/wp\/v3\/product"}],"about":[{"href":"https:\/\/www.sabasanat.com.tr\/index.php\/wp-json\/wp\/v2\/types\/product"}],"replies":[{"embeddable":true,"href":"https:\/\/www.sabasanat.com.tr\/index.php\/wp-json\/wp\/v2\/comments?post=14441"}],"version-history":[{"count":3,"href":"https:\/\/www.sabasanat.com.tr\/index.php\/wp-json\/wp\/v3\/product\/14441\/revisions"}],"predecessor-version":[{"id":15021,"href":"https:\/\/www.sabasanat.com.tr\/index.php\/wp-json\/wp\/v3\/product\/14441\/revisions\/15021"}],"wp:featuredmedia":[{"embeddable":true,"href":"https:\/\/www.sabasanat.com.tr\/index.php\/wp-json\/wp\/v2\/media\/14486"}],"wp:attachment":[{"href":"https:\/\/www.sabasanat.com.tr\/index.php\/wp-json\/wp\/v2\/media?parent=14441"}],"wp:term":[{"taxonomy":"product_cat","embeddable":true,"href":"https:\/\/www.sabasanat.com.tr\/index.php\/wp-json\/wp\/v2\/product_cat?post=14441"},{"taxonomy":"product_tag","embeddable":true,"href":"https:\/\/www.sabasanat.com.tr\/index.php\/wp-json\/wp\/v2\/product_tag?post=14441"}],"curies":[{"name":"wp","href":"https:\/\/api.w.org\/{rel}","templated":true}]}}