{"id":14447,"date":"2023-08-30T13:46:17","date_gmt":"2023-08-30T10:46:17","guid":{"rendered":"https:\/\/www.sabasanat.com.tr\/?post_type=product&#038;p=14447"},"modified":"2024-10-26T21:49:51","modified_gmt":"2024-10-26T18:49:51","slug":"tablo","status":"publish","type":"product","link":"https:\/\/www.sabasanat.com.tr\/index.php\/urun\/tablo\/","title":{"rendered":"C\u0130N\u0130 TABLO"},"content":{"rendered":"<p>HAT \u0130\u015eLEMEL\u0130 EL YAPIMI \u0130ZN\u0130K \u00c7\u0130N\u0130S\u0130 TABLO<\/p>\n","protected":false},"excerpt":{"rendered":"<p>HAT \u0130\u015eLEMEL\u0130 EL YAPIMI \u0130ZN\u0130K \u00c7\u0130N\u0130S\u0130 TABLO<\/p>\n","protected":false},"featured_media":14448,"comment_status":"open","ping_status":"closed","template":"","meta":[],"product_cat":[190,200],"product_tag":[],"class_list":["post-14447","product","type-product","status-publish","has-post-thumbnail","hentry","product_cat-cini-urunler","product_cat-tablolar"],"_links":{"self":[{"href":"https:\/\/www.sabasanat.com.tr\/index.php\/wp-json\/wp\/v3\/product\/14447","targetHints":{"allow":["GET"]}}],"collection":[{"href":"https:\/\/www.sabasanat.com.tr\/index.php\/wp-json\/wp\/v3\/product"}],"about":[{"href":"https:\/\/www.sabasanat.com.tr\/index.php\/wp-json\/wp\/v2\/types\/product"}],"replies":[{"embeddable":true,"href":"https:\/\/www.sabasanat.com.tr\/index.php\/wp-json\/wp\/v2\/comments?post=14447"}],"version-history":[{"count":3,"href":"https:\/\/www.sabasanat.com.tr\/index.php\/wp-json\/wp\/v3\/product\/14447\/revisions"}],"predecessor-version":[{"id":14996,"href":"https:\/\/www.sabasanat.com.tr\/index.php\/wp-json\/wp\/v3\/product\/14447\/revisions\/14996"}],"wp:featuredmedia":[{"embeddable":true,"href":"https:\/\/www.sabasanat.com.tr\/index.php\/wp-json\/wp\/v2\/media\/14448"}],"wp:attachment":[{"href":"https:\/\/www.sabasanat.com.tr\/index.php\/wp-json\/wp\/v2\/media?parent=14447"}],"wp:term":[{"taxonomy":"product_cat","embeddable":true,"href":"https:\/\/www.sabasanat.com.tr\/index.php\/wp-json\/wp\/v2\/product_cat?post=14447"},{"taxonomy":"product_tag","embeddable":true,"href":"https:\/\/www.sabasanat.com.tr\/index.php\/wp-json\/wp\/v2\/product_tag?post=14447"}],"curies":[{"name":"wp","href":"https:\/\/api.w.org\/{rel}","templated":true}]}}