{"id":14450,"date":"2023-08-30T14:02:18","date_gmt":"2023-08-30T11:02:18","guid":{"rendered":"https:\/\/www.sabasanat.com.tr\/?post_type=product&#038;p=14450"},"modified":"2024-10-26T21:47:34","modified_gmt":"2024-10-26T18:47:34","slug":"tablo-2","status":"publish","type":"product","link":"https:\/\/www.sabasanat.com.tr\/index.php\/urun\/tablo-2\/","title":{"rendered":"C\u0130N\u0130 TABLO"},"content":{"rendered":"<p>HAT \u0130\u015eLLEMEL\u0130 ELL YAPIMI \u0130ZN\u0130K \u00c7\u0130N\u0130S\u0130 TABLO<\/p>\n","protected":false},"excerpt":{"rendered":"<p>HAT \u0130\u015eLLEMEL\u0130 ELL YAPIMI \u0130ZN\u0130K \u00c7\u0130N\u0130S\u0130 TABLO<\/p>\n","protected":false},"featured_media":14451,"comment_status":"open","ping_status":"closed","template":"","meta":[],"product_cat":[190,200,20],"product_tag":[],"class_list":["post-14450","product","type-product","status-publish","has-post-thumbnail","hentry","product_cat-cini-urunler","product_cat-tablolar","product_cat-urunler"],"_links":{"self":[{"href":"https:\/\/www.sabasanat.com.tr\/index.php\/wp-json\/wp\/v3\/product\/14450","targetHints":{"allow":["GET"]}}],"collection":[{"href":"https:\/\/www.sabasanat.com.tr\/index.php\/wp-json\/wp\/v3\/product"}],"about":[{"href":"https:\/\/www.sabasanat.com.tr\/index.php\/wp-json\/wp\/v2\/types\/product"}],"replies":[{"embeddable":true,"href":"https:\/\/www.sabasanat.com.tr\/index.php\/wp-json\/wp\/v2\/comments?post=14450"}],"version-history":[{"count":3,"href":"https:\/\/www.sabasanat.com.tr\/index.php\/wp-json\/wp\/v3\/product\/14450\/revisions"}],"predecessor-version":[{"id":14994,"href":"https:\/\/www.sabasanat.com.tr\/index.php\/wp-json\/wp\/v3\/product\/14450\/revisions\/14994"}],"wp:featuredmedia":[{"embeddable":true,"href":"https:\/\/www.sabasanat.com.tr\/index.php\/wp-json\/wp\/v2\/media\/14451"}],"wp:attachment":[{"href":"https:\/\/www.sabasanat.com.tr\/index.php\/wp-json\/wp\/v2\/media?parent=14450"}],"wp:term":[{"taxonomy":"product_cat","embeddable":true,"href":"https:\/\/www.sabasanat.com.tr\/index.php\/wp-json\/wp\/v2\/product_cat?post=14450"},{"taxonomy":"product_tag","embeddable":true,"href":"https:\/\/www.sabasanat.com.tr\/index.php\/wp-json\/wp\/v2\/product_tag?post=14450"}],"curies":[{"name":"wp","href":"https:\/\/api.w.org\/{rel}","templated":true}]}}