{"id":14788,"date":"2024-09-26T22:50:33","date_gmt":"2024-09-26T19:50:33","guid":{"rendered":"https:\/\/www.sabasanat.com.tr\/?post_type=product&#038;p=14788"},"modified":"2024-10-05T21:17:15","modified_gmt":"2024-10-05T18:17:15","slug":"abajur-kopya","status":"publish","type":"product","link":"https:\/\/www.sabasanat.com.tr\/index.php\/urun\/abajur-kopya\/","title":{"rendered":"ABAJUR"},"content":{"rendered":"<p>HAL\u0130\u00c7 DESEN LALE KARANF\u0130LL F\u0130G\u00dcRL\u00dc EL YAPIMI \u0130ZN\u0130K \u00c7\u0130N\u0130S\u0130 DEKORAT\u0130F ABAJUR<\/p>\n","protected":false},"excerpt":{"rendered":"<p>HAL\u0130\u00c7 DESEN LALE KARANF\u0130LL F\u0130G\u00dcRL\u00dc EL YAPIMI \u0130ZN\u0130K \u00c7\u0130N\u0130S\u0130 DEKORAT\u0130F ABAJUR<\/p>\n","protected":false},"featured_media":14789,"comment_status":"open","ping_status":"closed","template":"","meta":[],"product_cat":[196,190,20],"product_tag":[],"class_list":["post-14788","product","type-product","status-publish","has-post-thumbnail","hentry","product_cat-abajurlar","product_cat-cini-urunler","product_cat-urunler"],"_links":{"self":[{"href":"https:\/\/www.sabasanat.com.tr\/index.php\/wp-json\/wp\/v3\/product\/14788","targetHints":{"allow":["GET"]}}],"collection":[{"href":"https:\/\/www.sabasanat.com.tr\/index.php\/wp-json\/wp\/v3\/product"}],"about":[{"href":"https:\/\/www.sabasanat.com.tr\/index.php\/wp-json\/wp\/v2\/types\/product"}],"replies":[{"embeddable":true,"href":"https:\/\/www.sabasanat.com.tr\/index.php\/wp-json\/wp\/v2\/comments?post=14788"}],"version-history":[{"count":4,"href":"https:\/\/www.sabasanat.com.tr\/index.php\/wp-json\/wp\/v3\/product\/14788\/revisions"}],"predecessor-version":[{"id":14837,"href":"https:\/\/www.sabasanat.com.tr\/index.php\/wp-json\/wp\/v3\/product\/14788\/revisions\/14837"}],"wp:featuredmedia":[{"embeddable":true,"href":"https:\/\/www.sabasanat.com.tr\/index.php\/wp-json\/wp\/v2\/media\/14789"}],"wp:attachment":[{"href":"https:\/\/www.sabasanat.com.tr\/index.php\/wp-json\/wp\/v2\/media?parent=14788"}],"wp:term":[{"taxonomy":"product_cat","embeddable":true,"href":"https:\/\/www.sabasanat.com.tr\/index.php\/wp-json\/wp\/v2\/product_cat?post=14788"},{"taxonomy":"product_tag","embeddable":true,"href":"https:\/\/www.sabasanat.com.tr\/index.php\/wp-json\/wp\/v2\/product_tag?post=14788"}],"curies":[{"name":"wp","href":"https:\/\/api.w.org\/{rel}","templated":true}]}}