{"id":14811,"date":"2024-10-01T22:47:32","date_gmt":"2024-10-01T19:47:32","guid":{"rendered":"https:\/\/www.sabasanat.com.tr\/?post_type=product&#038;p=14811"},"modified":"2024-10-01T23:03:33","modified_gmt":"2024-10-01T20:03:33","slug":"vazo-28","status":"publish","type":"product","link":"https:\/\/www.sabasanat.com.tr\/index.php\/urun\/vazo-28\/","title":{"rendered":"GOLD L\u0130NE \u015e\u0130\u015eE"},"content":{"rendered":"<p>\u00d6zel Tasar\u0131m, el yap\u0131m\u0131 \u00e7izgi desenli, alt\u0131n i\u015flemeli DEKORAT\u0130F \u015fi\u015fe<\/p>\n","protected":false},"excerpt":{"rendered":"<p>\u00d6zel Tasar\u0131m, el yap\u0131m\u0131 \u00e7izgi desenli, alt\u0131n i\u015flemeli DEKORAT\u0130F \u015fi\u015fe<\/p>\n","protected":false},"featured_media":14812,"comment_status":"open","ping_status":"closed","template":"","meta":[],"product_cat":[190,20,194],"product_tag":[],"class_list":["post-14811","product","type-product","status-publish","has-post-thumbnail","hentry","product_cat-cini-urunler","product_cat-urunler","product_cat-vazolar"],"_links":{"self":[{"href":"https:\/\/www.sabasanat.com.tr\/index.php\/wp-json\/wp\/v3\/product\/14811","targetHints":{"allow":["GET"]}}],"collection":[{"href":"https:\/\/www.sabasanat.com.tr\/index.php\/wp-json\/wp\/v3\/product"}],"about":[{"href":"https:\/\/www.sabasanat.com.tr\/index.php\/wp-json\/wp\/v2\/types\/product"}],"replies":[{"embeddable":true,"href":"https:\/\/www.sabasanat.com.tr\/index.php\/wp-json\/wp\/v2\/comments?post=14811"}],"version-history":[{"count":3,"href":"https:\/\/www.sabasanat.com.tr\/index.php\/wp-json\/wp\/v3\/product\/14811\/revisions"}],"predecessor-version":[{"id":14820,"href":"https:\/\/www.sabasanat.com.tr\/index.php\/wp-json\/wp\/v3\/product\/14811\/revisions\/14820"}],"wp:featuredmedia":[{"embeddable":true,"href":"https:\/\/www.sabasanat.com.tr\/index.php\/wp-json\/wp\/v2\/media\/14812"}],"wp:attachment":[{"href":"https:\/\/www.sabasanat.com.tr\/index.php\/wp-json\/wp\/v2\/media?parent=14811"}],"wp:term":[{"taxonomy":"product_cat","embeddable":true,"href":"https:\/\/www.sabasanat.com.tr\/index.php\/wp-json\/wp\/v2\/product_cat?post=14811"},{"taxonomy":"product_tag","embeddable":true,"href":"https:\/\/www.sabasanat.com.tr\/index.php\/wp-json\/wp\/v2\/product_tag?post=14811"}],"curies":[{"name":"wp","href":"https:\/\/api.w.org\/{rel}","templated":true}]}}