{"id":14814,"date":"2024-10-01T22:48:50","date_gmt":"2024-10-01T19:48:50","guid":{"rendered":"https:\/\/www.sabasanat.com.tr\/?post_type=product&#038;p=14814"},"modified":"2024-10-01T23:01:22","modified_gmt":"2024-10-01T20:01:22","slug":"vazo-29","status":"publish","type":"product","link":"https:\/\/www.sabasanat.com.tr\/index.php\/urun\/vazo-29\/","title":{"rendered":"GOLD L\u0130NE \u015e\u0130\u015eE"},"content":{"rendered":"<p>\u00d6zel Tasar\u0131m el yap\u0131m\u0131 \u00e7izgi desenli, \u00e7atlatma dekorlu alt\u0131n i\u015flemeli \u015fi\u015fe<\/p>\n","protected":false},"excerpt":{"rendered":"<p>\u00d6zel Tasar\u0131m el yap\u0131m\u0131 \u00e7izgi desenli, \u00e7atlatma dekorlu alt\u0131n i\u015flemeli \u015fi\u015fe<\/p>\n","protected":false},"featured_media":14815,"comment_status":"open","ping_status":"closed","template":"","meta":[],"product_cat":[190,20,194],"product_tag":[],"class_list":["post-14814","product","type-product","status-publish","has-post-thumbnail","hentry","product_cat-cini-urunler","product_cat-urunler","product_cat-vazolar"],"_links":{"self":[{"href":"https:\/\/www.sabasanat.com.tr\/index.php\/wp-json\/wp\/v3\/product\/14814","targetHints":{"allow":["GET"]}}],"collection":[{"href":"https:\/\/www.sabasanat.com.tr\/index.php\/wp-json\/wp\/v3\/product"}],"about":[{"href":"https:\/\/www.sabasanat.com.tr\/index.php\/wp-json\/wp\/v2\/types\/product"}],"replies":[{"embeddable":true,"href":"https:\/\/www.sabasanat.com.tr\/index.php\/wp-json\/wp\/v2\/comments?post=14814"}],"version-history":[{"count":3,"href":"https:\/\/www.sabasanat.com.tr\/index.php\/wp-json\/wp\/v3\/product\/14814\/revisions"}],"predecessor-version":[{"id":14818,"href":"https:\/\/www.sabasanat.com.tr\/index.php\/wp-json\/wp\/v3\/product\/14814\/revisions\/14818"}],"wp:featuredmedia":[{"embeddable":true,"href":"https:\/\/www.sabasanat.com.tr\/index.php\/wp-json\/wp\/v2\/media\/14815"}],"wp:attachment":[{"href":"https:\/\/www.sabasanat.com.tr\/index.php\/wp-json\/wp\/v2\/media?parent=14814"}],"wp:term":[{"taxonomy":"product_cat","embeddable":true,"href":"https:\/\/www.sabasanat.com.tr\/index.php\/wp-json\/wp\/v2\/product_cat?post=14814"},{"taxonomy":"product_tag","embeddable":true,"href":"https:\/\/www.sabasanat.com.tr\/index.php\/wp-json\/wp\/v2\/product_tag?post=14814"}],"curies":[{"name":"wp","href":"https:\/\/api.w.org\/{rel}","templated":true}]}}